{"id":10019392,"date":"2023-05-04T10:42:12","date_gmt":"2023-05-04T09:42:12","guid":{"rendered":"https:\/\/www.spaltkinder.org\/our-network\/"},"modified":"2025-10-08T14:20:23","modified_gmt":"2025-10-08T13:20:23","slug":"our-network","status":"publish","type":"page","link":"https:\/\/www.spaltkinder.org\/en\/about-dckh\/our-network\/","title":{"rendered":"Our Network"},"content":{"rendered":"<p><img decoding=\"async\" loading=\"lazy\" src=\"https:\/\/www.spaltkinder.org\/wp-content\/uploads\/2023\/05\/Koln-RTL-Wir-helfen-Kindern-Scheckubergabe-2023_1-1.jpg\"><noscript><img decoding=\"async\" src=\"https:\/\/www.spaltkinder.org\/wp-content\/uploads\/2023\/05\/Koln-RTL-Wir-helfen-Kindern-Scheckubergabe-2023_1-1.jpg\"><\/noscript><\/p>\n<h1 style=\"text-align: center;\">Our network<\/h1>\n<p>The foundation of our help and the basis for the successful development of our work is our network. Since the founding of our association, many people have joined us on our mission. Together, we pursue one goal: to give cleft children around the world a better life.<\/p>\n<p>The financial resources needed for our work come primarily from institutional donors, our corporate partners and the many private donors. Beyond their donations and grants, our supporters also are important multipliers, spreading the word about our mission and thus attracting more and more new comrades-in-arms. By cooperating with other aid organizations, we promote the exchange of knowledge and are particularly efficient through the partnership-based use of resources.<\/p>\n","protected":false},"excerpt":{"rendered":"<p>Das Fundament unserer Hilfe ist unser Netzwerk. Gemeinsam verfolgen wir eine Mission: Spaltkindern weltweit ein besseres Leben zu erm\u00f6glichen.<br \/>\nDie f\u00fcr unsere Arbeit ben\u00f6tigten finanziellen Mittel stammen vor allem von institutionellen Gebern, unseren Unternehmenspartnern und den vielen Privatspenderinnen und -spendern. \u00dcber die Spenden und F\u00f6rdergelder hinaus sind sie wichtige Multiplikatoren, um auf unsere Arbeit aufmerksam zu machen. Kooperationen mit anderen Hilfsorganisationen f\u00f6rdern den Austausch von Wissen und sind durch den partnerschaftlichen Einsatz von Ressourcen besonders effizient. <\/p>\n","protected":false},"author":418,"featured_media":10016925,"parent":10019393,"menu_order":3,"comment_status":"closed","ping_status":"closed","template":"","meta":{"footnotes":""},"class_list":["post-10019392","page","type-page","status-publish","has-post-thumbnail","hentry"],"yoast_head":"<!-- This site is optimized with the Yoast SEO plugin v26.9 - https:\/\/yoast.com\/product\/yoast-seo-wordpress\/ -->\n<title>Our network of support<\/title>\n<meta name=\"robots\" content=\"index, follow, max-snippet:-1, max-image-preview:large, max-video-preview:-1\" \/>\n<link rel=\"canonical\" href=\"https:\/\/www.spaltkinder.org\/en\/about-dckh\/our-network\/\" \/>\n<meta property=\"og:locale\" content=\"en_US\" \/>\n<meta property=\"og:type\" content=\"article\" \/>\n<meta property=\"og:title\" content=\"Our network of support\" \/>\n<meta property=\"og:description\" content=\"Das Fundament unserer Hilfe ist unser Netzwerk. Gemeinsam verfolgen wir eine Mission: Spaltkindern weltweit ein besseres Leben zu erm\u00f6glichen.  Die f\u00fcr unsere Arbeit ben\u00f6tigten finanziellen Mittel stammen vor allem von institutionellen Gebern, unseren Unternehmenspartnern und den vielen Privatspenderinnen und -spendern. \u00dcber die Spenden und F\u00f6rdergelder hinaus sind sie wichtige Multiplikatoren, um auf unsere Arbeit aufmerksam zu machen. Kooperationen mit anderen Hilfsorganisationen f\u00f6rdern den Austausch von Wissen und sind durch den partnerschaftlichen Einsatz von Ressourcen besonders effizient.\" \/>\n<meta property=\"og:url\" content=\"https:\/\/www.spaltkinder.org\/en\/about-dckh\/our-network\/\" \/>\n<meta property=\"og:site_name\" content=\"Deutsche Cleft Kinderhilfe e.V.\" \/>\n<meta property=\"article:publisher\" content=\"https:\/\/www.facebook.com\/Deutsche.Cleft.Kinderhilfe\/\" \/>\n<meta property=\"article:modified_time\" content=\"2025-10-08T13:20:23+00:00\" \/>\n<meta property=\"og:image\" content=\"https:\/\/www.spaltkinder.org\/wp-content\/uploads\/2023\/05\/bolivien-jiwaqui-team-cleft_1.jpg\" \/>\n\t<meta property=\"og:image:width\" content=\"1600\" \/>\n\t<meta property=\"og:image:height\" content=\"1067\" \/>\n\t<meta property=\"og:image:type\" content=\"image\/jpeg\" \/>\n<meta name=\"twitter:card\" content=\"summary_large_image\" \/>\n<script type=\"application\/ld+json\" class=\"yoast-schema-graph\">{\"@context\":\"https:\/\/schema.org\",\"@graph\":[{\"@type\":\"WebPage\",\"@id\":\"https:\/\/www.spaltkinder.org\/en\/about-dckh\/our-network\/\",\"url\":\"https:\/\/www.spaltkinder.org\/en\/about-dckh\/our-network\/\",\"name\":\"Our network of support\",\"isPartOf\":{\"@id\":\"https:\/\/www.spaltkinder.org\/en\/#website\"},\"primaryImageOfPage\":{\"@id\":\"https:\/\/www.spaltkinder.org\/en\/about-dckh\/our-network\/#primaryimage\"},\"image\":{\"@id\":\"https:\/\/www.spaltkinder.org\/en\/about-dckh\/our-network\/#primaryimage\"},\"thumbnailUrl\":\"https:\/\/www.spaltkinder.org\/wp-content\/uploads\/2023\/05\/bolivien-jiwaqui-team-cleft_1.jpg\",\"datePublished\":\"2023-05-04T09:42:12+00:00\",\"dateModified\":\"2025-10-08T13:20:23+00:00\",\"breadcrumb\":{\"@id\":\"https:\/\/www.spaltkinder.org\/en\/about-dckh\/our-network\/#breadcrumb\"},\"inLanguage\":\"en-US\",\"potentialAction\":[{\"@type\":\"ReadAction\",\"target\":[\"https:\/\/www.spaltkinder.org\/en\/about-dckh\/our-network\/\"]}]},{\"@type\":\"ImageObject\",\"inLanguage\":\"en-US\",\"@id\":\"https:\/\/www.spaltkinder.org\/en\/about-dckh\/our-network\/#primaryimage\",\"url\":\"https:\/\/www.spaltkinder.org\/wp-content\/uploads\/2023\/05\/bolivien-jiwaqui-team-cleft_1.jpg\",\"contentUrl\":\"https:\/\/www.spaltkinder.org\/wp-content\/uploads\/2023\/05\/bolivien-jiwaqui-team-cleft_1.jpg\",\"width\":1600,\"height\":1067,\"caption\":\"Hilfseinsatz Potosi 25.-28.3.2021\"},{\"@type\":\"BreadcrumbList\",\"@id\":\"https:\/\/www.spaltkinder.org\/en\/about-dckh\/our-network\/#breadcrumb\",\"itemListElement\":[{\"@type\":\"ListItem\",\"position\":1,\"name\":\"Home\",\"item\":\"https:\/\/www.spaltkinder.org\/en\/\"},{\"@type\":\"ListItem\",\"position\":2,\"name\":\"About Deutsche Cleft Kinderhilfe\",\"item\":\"https:\/\/www.spaltkinder.org\/en\/about-dckh\/\"},{\"@type\":\"ListItem\",\"position\":3,\"name\":\"Our Network\"}]},{\"@type\":\"WebSite\",\"@id\":\"https:\/\/www.spaltkinder.org\/en\/#website\",\"url\":\"https:\/\/www.spaltkinder.org\/en\/\",\"name\":\"Deutsche Cleft Kinderhilfe e.V.\",\"description\":\"\",\"publisher\":{\"@id\":\"https:\/\/www.spaltkinder.org\/en\/#organization\"},\"potentialAction\":[{\"@type\":\"SearchAction\",\"target\":{\"@type\":\"EntryPoint\",\"urlTemplate\":\"https:\/\/www.spaltkinder.org\/en\/?s={search_term_string}\"},\"query-input\":{\"@type\":\"PropertyValueSpecification\",\"valueRequired\":true,\"valueName\":\"search_term_string\"}}],\"inLanguage\":\"en-US\"},{\"@type\":\"Organization\",\"@id\":\"https:\/\/www.spaltkinder.org\/en\/#organization\",\"name\":\"Deutsche Cleft Kinderhilfe e.V.\",\"url\":\"https:\/\/www.spaltkinder.org\/en\/\",\"logo\":{\"@type\":\"ImageObject\",\"inLanguage\":\"en-US\",\"@id\":\"https:\/\/www.spaltkinder.org\/en\/#\/schema\/logo\/image\/\",\"url\":\"\",\"contentUrl\":\"\",\"caption\":\"Deutsche Cleft Kinderhilfe e.V.\"},\"image\":{\"@id\":\"https:\/\/www.spaltkinder.org\/en\/#\/schema\/logo\/image\/\"},\"sameAs\":[\"https:\/\/www.facebook.com\/Deutsche.Cleft.Kinderhilfe\/\",\"https:\/\/www.instagram.com\/deutschecleftkinderhilfe\/\"]}]}<\/script>\n<!-- \/ Yoast SEO plugin. -->","yoast_head_json":{"title":"Our network of support","robots":{"index":"index","follow":"follow","max-snippet":"max-snippet:-1","max-image-preview":"max-image-preview:large","max-video-preview":"max-video-preview:-1"},"canonical":"https:\/\/www.spaltkinder.org\/en\/about-dckh\/our-network\/","og_locale":"en_US","og_type":"article","og_title":"Our network of support","og_description":"Das Fundament unserer Hilfe ist unser Netzwerk. Gemeinsam verfolgen wir eine Mission: Spaltkindern weltweit ein besseres Leben zu erm\u00f6glichen.  Die f\u00fcr unsere Arbeit ben\u00f6tigten finanziellen Mittel stammen vor allem von institutionellen Gebern, unseren Unternehmenspartnern und den vielen Privatspenderinnen und -spendern. \u00dcber die Spenden und F\u00f6rdergelder hinaus sind sie wichtige Multiplikatoren, um auf unsere Arbeit aufmerksam zu machen. Kooperationen mit anderen Hilfsorganisationen f\u00f6rdern den Austausch von Wissen und sind durch den partnerschaftlichen Einsatz von Ressourcen besonders effizient.","og_url":"https:\/\/www.spaltkinder.org\/en\/about-dckh\/our-network\/","og_site_name":"Deutsche Cleft Kinderhilfe e.V.","article_publisher":"https:\/\/www.facebook.com\/Deutsche.Cleft.Kinderhilfe\/","article_modified_time":"2025-10-08T13:20:23+00:00","og_image":[{"width":1600,"height":1067,"url":"https:\/\/www.spaltkinder.org\/wp-content\/uploads\/2023\/05\/bolivien-jiwaqui-team-cleft_1.jpg","type":"image\/jpeg"}],"twitter_card":"summary_large_image","schema":{"@context":"https:\/\/schema.org","@graph":[{"@type":"WebPage","@id":"https:\/\/www.spaltkinder.org\/en\/about-dckh\/our-network\/","url":"https:\/\/www.spaltkinder.org\/en\/about-dckh\/our-network\/","name":"Our network of support","isPartOf":{"@id":"https:\/\/www.spaltkinder.org\/en\/#website"},"primaryImageOfPage":{"@id":"https:\/\/www.spaltkinder.org\/en\/about-dckh\/our-network\/#primaryimage"},"image":{"@id":"https:\/\/www.spaltkinder.org\/en\/about-dckh\/our-network\/#primaryimage"},"thumbnailUrl":"https:\/\/www.spaltkinder.org\/wp-content\/uploads\/2023\/05\/bolivien-jiwaqui-team-cleft_1.jpg","datePublished":"2023-05-04T09:42:12+00:00","dateModified":"2025-10-08T13:20:23+00:00","breadcrumb":{"@id":"https:\/\/www.spaltkinder.org\/en\/about-dckh\/our-network\/#breadcrumb"},"inLanguage":"en-US","potentialAction":[{"@type":"ReadAction","target":["https:\/\/www.spaltkinder.org\/en\/about-dckh\/our-network\/"]}]},{"@type":"ImageObject","inLanguage":"en-US","@id":"https:\/\/www.spaltkinder.org\/en\/about-dckh\/our-network\/#primaryimage","url":"https:\/\/www.spaltkinder.org\/wp-content\/uploads\/2023\/05\/bolivien-jiwaqui-team-cleft_1.jpg","contentUrl":"https:\/\/www.spaltkinder.org\/wp-content\/uploads\/2023\/05\/bolivien-jiwaqui-team-cleft_1.jpg","width":1600,"height":1067,"caption":"Hilfseinsatz Potosi 25.-28.3.2021"},{"@type":"BreadcrumbList","@id":"https:\/\/www.spaltkinder.org\/en\/about-dckh\/our-network\/#breadcrumb","itemListElement":[{"@type":"ListItem","position":1,"name":"Home","item":"https:\/\/www.spaltkinder.org\/en\/"},{"@type":"ListItem","position":2,"name":"About Deutsche Cleft Kinderhilfe","item":"https:\/\/www.spaltkinder.org\/en\/about-dckh\/"},{"@type":"ListItem","position":3,"name":"Our Network"}]},{"@type":"WebSite","@id":"https:\/\/www.spaltkinder.org\/en\/#website","url":"https:\/\/www.spaltkinder.org\/en\/","name":"Deutsche Cleft Kinderhilfe e.V.","description":"","publisher":{"@id":"https:\/\/www.spaltkinder.org\/en\/#organization"},"potentialAction":[{"@type":"SearchAction","target":{"@type":"EntryPoint","urlTemplate":"https:\/\/www.spaltkinder.org\/en\/?s={search_term_string}"},"query-input":{"@type":"PropertyValueSpecification","valueRequired":true,"valueName":"search_term_string"}}],"inLanguage":"en-US"},{"@type":"Organization","@id":"https:\/\/www.spaltkinder.org\/en\/#organization","name":"Deutsche Cleft Kinderhilfe e.V.","url":"https:\/\/www.spaltkinder.org\/en\/","logo":{"@type":"ImageObject","inLanguage":"en-US","@id":"https:\/\/www.spaltkinder.org\/en\/#\/schema\/logo\/image\/","url":"","contentUrl":"","caption":"Deutsche Cleft Kinderhilfe e.V."},"image":{"@id":"https:\/\/www.spaltkinder.org\/en\/#\/schema\/logo\/image\/"},"sameAs":["https:\/\/www.facebook.com\/Deutsche.Cleft.Kinderhilfe\/","https:\/\/www.instagram.com\/deutschecleftkinderhilfe\/"]}]}},"_links":{"self":[{"href":"https:\/\/www.spaltkinder.org\/en\/wp-json\/wp\/v2\/pages\/10019392","targetHints":{"allow":["GET"]}}],"collection":[{"href":"https:\/\/www.spaltkinder.org\/en\/wp-json\/wp\/v2\/pages"}],"about":[{"href":"https:\/\/www.spaltkinder.org\/en\/wp-json\/wp\/v2\/types\/page"}],"author":[{"embeddable":true,"href":"https:\/\/www.spaltkinder.org\/en\/wp-json\/wp\/v2\/users\/418"}],"replies":[{"embeddable":true,"href":"https:\/\/www.spaltkinder.org\/en\/wp-json\/wp\/v2\/comments?post=10019392"}],"version-history":[{"count":0,"href":"https:\/\/www.spaltkinder.org\/en\/wp-json\/wp\/v2\/pages\/10019392\/revisions"}],"up":[{"embeddable":true,"href":"https:\/\/www.spaltkinder.org\/en\/wp-json\/wp\/v2\/pages\/10019393"}],"wp:featuredmedia":[{"embeddable":true,"href":"https:\/\/www.spaltkinder.org\/en\/wp-json\/wp\/v2\/media\/10016925"}],"wp:attachment":[{"href":"https:\/\/www.spaltkinder.org\/en\/wp-json\/wp\/v2\/media?parent=10019392"}],"curies":[{"name":"wp","href":"https:\/\/api.w.org\/{rel}","templated":true}]}}