{"id":10019420,"date":"2023-05-02T13:27:55","date_gmt":"2023-05-02T12:27:55","guid":{"rendered":"https:\/\/www.spaltkinder.org\/ueber-deutsche-cleft-kinderhilfe-e-v\/finanzen-transparenz\/"},"modified":"2026-03-04T11:32:34","modified_gmt":"2026-03-04T10:32:34","slug":"finances-and-accountability","status":"publish","type":"page","link":"https:\/\/www.spaltkinder.org\/en\/about-dckh\/finances-and-accountability\/","title":{"rendered":"Finances and accountability"},"content":{"rendered":"<p><img decoding=\"async\" loading=\"lazy\" src=\"https:\/\/www.spaltkinder.org\/wp-content\/uploads\/2023\/04\/DCKH-Spaltoperation-2-1-scaled-aspect-ratio-1000-327-scaled-1.jpg\"><noscript><img decoding=\"async\" src=\"https:\/\/www.spaltkinder.org\/wp-content\/uploads\/2023\/04\/DCKH-Spaltoperation-2-1-scaled-aspect-ratio-1000-327-scaled-1.jpg\"><\/noscript><\/p>\n<h1 style=\"text-align: center;\">Finances and accountability<\/h1>\n<p>The foundation of our aid is our donors. We are committed to handling the donations they entrust to us with the utmost care. Your donation goes where it is needed &#8211; to the cleft children.<\/p>\n<h2>Sources and use of funding<\/h2>\n<p>As per our statutes, we use our donation income to fund treatments for patients with cleft lip and palate in developing countries, and maintain the aid infrastructures necessary to provide these treatments. Each of our projects is led by a surgeon. Every treatment is documented by the doctors on site in our patient database.<\/p>\n<p>Every month, we check the documentation. For each properly documented surgery, we pay out a fixed case fee to the projects. The amount varies from country to country depending on the costs of providing a surgery in the country in question. On average, the fee currently amounts to some 300 euros per operation performed.<\/p>\n<p>This fee is used to pay all costs of the surgery: the hospital stay, anaesthetics and medication, and the wages for the team: doctors, nurses and project coordinators. <\/p>\n<h2>Annual reports<\/h2>\n<p>Our annual financial statements are audited by an external company in accordance with the exacting DZI guidelines. This detailed financial report is published on October 1 of the following year in our online annual report, which you can also download as a PDF below. In the preliminary version, the focus is on a comprehensive review of the year with impressions from our project countries. You can also order this preliminary report from us in printed form. Simply use our <a href=\"https:\/\/www.spaltkinder.org\/en\/get-in-touch\/\" rel=\"\">contact form<\/a>.<\/p>\n<p>Please note that only the annual reports since 2019 are available in English. You can download older reports in German from the German version of our site. Likewise, the expanded annual report with the full financial statement also is available only in German and can be downloaded on the German version of this page, <a href=\"https:\/\/www.spaltkinder.org\/ueber-dckh\/finanzen-transparenz\/\" rel=\"\">here<\/a>.<\/p>\n<h2>Nonprofit status<\/h2>\n<p>As a promotor of charitable purposes and public health, Deutsche Cleft Kinderhilfe e.V. is exempt from corporation tax in accordance with Section 5 (1) No. 9 of the Corporation Tax Act and exempt from trade tax in accordance with Section 3 No. 6 of the Trade Tax Act (exemption notice from the Freiburg-Stadt Tax Office, tax number 06469\/47127, February 3rd, 2026 for the last assessment period 2022 to 2024).<\/p>\n<p>Due to our nonprofit status, we can issue donation receipts for donations received. In order to minimize the administrative load, a collective receipt for all donations made by a donor in the previous year is sent out at the beginning of the following year. Should you require your receipt at an earlier time, please <a href=\"https:\/\/www.spaltkinder.org\/en\/get-in-touch\/\" rel=\"\">contact us<\/a>.<\/p>\n","protected":false},"excerpt":{"rendered":"<p>In unseren Projektl\u00e4ndern ist der Zugang zu einer medizinischen Versorgung f\u00fcr viele Menschen keine Selbstverst\u00e4ndlichkeit. Als Hilfsorganisation f\u00fcr Kinder mit Lippen-Kiefer-Gaumenspalte aus bed\u00fcrftigen Familien \u00fcbernehmen wir die Kosten der Behandlung. Leistungen, die bei uns die Krankenkassen \u00fcbernehmen. Dabei ist es unser Selbstverst\u00e4ndnis, sorgsam mit den uns f\u00fcr diesen Zweck anvertrauten Spendengeldern umzugehen. Ihre Spende kommt dort an, wo sie ben\u00f6tigt wird \u2013 bei den betroffenen Kindern. <\/p>\n","protected":false},"author":418,"featured_media":10016420,"parent":10019393,"menu_order":-30,"comment_status":"closed","ping_status":"closed","template":"","meta":{"footnotes":""},"class_list":["post-10019420","page","type-page","status-publish","has-post-thumbnail","hentry"],"yoast_head":"<!-- This site is optimized with the Yoast SEO plugin v26.9 - https:\/\/yoast.com\/product\/yoast-seo-wordpress\/ -->\n<title>Financial transparency<\/title>\n<meta name=\"description\" content=\"We are certified with the DZI Seal of Approval for our responsible use of funds. Learn where our donations come from and how we use them.\" \/>\n<meta name=\"robots\" content=\"index, follow, max-snippet:-1, max-image-preview:large, max-video-preview:-1\" \/>\n<link rel=\"canonical\" href=\"https:\/\/www.spaltkinder.org\/en\/about-dckh\/finances-and-accountability\/\" \/>\n<meta property=\"og:locale\" content=\"en_US\" \/>\n<meta property=\"og:type\" content=\"article\" \/>\n<meta property=\"og:title\" content=\"Financial transparency\" \/>\n<meta property=\"og:description\" content=\"We are certified with the DZI Seal of Approval for our responsible use of funds. Learn where our donations come from and how we use them.\" \/>\n<meta property=\"og:url\" content=\"https:\/\/www.spaltkinder.org\/en\/about-dckh\/finances-and-accountability\/\" \/>\n<meta property=\"og:site_name\" content=\"Deutsche Cleft Kinderhilfe e.V.\" \/>\n<meta property=\"article:publisher\" content=\"https:\/\/www.facebook.com\/Deutsche.Cleft.Kinderhilfe\/\" \/>\n<meta property=\"article:modified_time\" content=\"2026-03-04T10:32:34+00:00\" \/>\n<meta property=\"og:image\" content=\"https:\/\/www.spaltkinder.org\/wp-content\/uploads\/2023\/05\/peru-azangaro-hilfseinsatz-cleft-1.jpg\" \/>\n\t<meta property=\"og:image:width\" content=\"1024\" \/>\n\t<meta property=\"og:image:height\" content=\"683\" \/>\n\t<meta property=\"og:image:type\" content=\"image\/jpeg\" \/>\n<meta name=\"twitter:card\" content=\"summary_large_image\" \/>\n<script type=\"application\/ld+json\" class=\"yoast-schema-graph\">{\"@context\":\"https:\/\/schema.org\",\"@graph\":[{\"@type\":\"WebPage\",\"@id\":\"https:\/\/www.spaltkinder.org\/en\/about-dckh\/finances-and-accountability\/\",\"url\":\"https:\/\/www.spaltkinder.org\/en\/about-dckh\/finances-and-accountability\/\",\"name\":\"Financial transparency\",\"isPartOf\":{\"@id\":\"https:\/\/www.spaltkinder.org\/en\/#website\"},\"primaryImageOfPage\":{\"@id\":\"https:\/\/www.spaltkinder.org\/en\/about-dckh\/finances-and-accountability\/#primaryimage\"},\"image\":{\"@id\":\"https:\/\/www.spaltkinder.org\/en\/about-dckh\/finances-and-accountability\/#primaryimage\"},\"thumbnailUrl\":\"https:\/\/www.spaltkinder.org\/wp-content\/uploads\/2023\/05\/peru-azangaro-hilfseinsatz-cleft-1.jpg\",\"datePublished\":\"2023-05-02T12:27:55+00:00\",\"dateModified\":\"2026-03-04T10:32:34+00:00\",\"description\":\"We are certified with the DZI Seal of Approval for our responsible use of funds. Learn where our donations come from and how we use them.\",\"breadcrumb\":{\"@id\":\"https:\/\/www.spaltkinder.org\/en\/about-dckh\/finances-and-accountability\/#breadcrumb\"},\"inLanguage\":\"en-US\",\"potentialAction\":[{\"@type\":\"ReadAction\",\"target\":[\"https:\/\/www.spaltkinder.org\/en\/about-dckh\/finances-and-accountability\/\"]}]},{\"@type\":\"ImageObject\",\"inLanguage\":\"en-US\",\"@id\":\"https:\/\/www.spaltkinder.org\/en\/about-dckh\/finances-and-accountability\/#primaryimage\",\"url\":\"https:\/\/www.spaltkinder.org\/wp-content\/uploads\/2023\/05\/peru-azangaro-hilfseinsatz-cleft-1.jpg\",\"contentUrl\":\"https:\/\/www.spaltkinder.org\/wp-content\/uploads\/2023\/05\/peru-azangaro-hilfseinsatz-cleft-1.jpg\",\"width\":1024,\"height\":683,\"caption\":\"Hilfseinsatz in Az\u00e1ngaro vom 29.1. bis 1.2.2020. Dr. Alberto Bardales bei OP (links)\"},{\"@type\":\"BreadcrumbList\",\"@id\":\"https:\/\/www.spaltkinder.org\/en\/about-dckh\/finances-and-accountability\/#breadcrumb\",\"itemListElement\":[{\"@type\":\"ListItem\",\"position\":1,\"name\":\"Home\",\"item\":\"https:\/\/www.spaltkinder.org\/en\/\"},{\"@type\":\"ListItem\",\"position\":2,\"name\":\"About Deutsche Cleft Kinderhilfe\",\"item\":\"https:\/\/www.spaltkinder.org\/en\/about-dckh\/\"},{\"@type\":\"ListItem\",\"position\":3,\"name\":\"Finances and accountability\"}]},{\"@type\":\"WebSite\",\"@id\":\"https:\/\/www.spaltkinder.org\/en\/#website\",\"url\":\"https:\/\/www.spaltkinder.org\/en\/\",\"name\":\"Deutsche Cleft Kinderhilfe e.V.\",\"description\":\"\",\"publisher\":{\"@id\":\"https:\/\/www.spaltkinder.org\/en\/#organization\"},\"potentialAction\":[{\"@type\":\"SearchAction\",\"target\":{\"@type\":\"EntryPoint\",\"urlTemplate\":\"https:\/\/www.spaltkinder.org\/en\/?s={search_term_string}\"},\"query-input\":{\"@type\":\"PropertyValueSpecification\",\"valueRequired\":true,\"valueName\":\"search_term_string\"}}],\"inLanguage\":\"en-US\"},{\"@type\":\"Organization\",\"@id\":\"https:\/\/www.spaltkinder.org\/en\/#organization\",\"name\":\"Deutsche Cleft Kinderhilfe e.V.\",\"url\":\"https:\/\/www.spaltkinder.org\/en\/\",\"logo\":{\"@type\":\"ImageObject\",\"inLanguage\":\"en-US\",\"@id\":\"https:\/\/www.spaltkinder.org\/en\/#\/schema\/logo\/image\/\",\"url\":\"\",\"contentUrl\":\"\",\"caption\":\"Deutsche Cleft Kinderhilfe e.V.\"},\"image\":{\"@id\":\"https:\/\/www.spaltkinder.org\/en\/#\/schema\/logo\/image\/\"},\"sameAs\":[\"https:\/\/www.facebook.com\/Deutsche.Cleft.Kinderhilfe\/\",\"https:\/\/www.instagram.com\/deutschecleftkinderhilfe\/\"]}]}<\/script>\n<!-- \/ Yoast SEO plugin. -->","yoast_head_json":{"title":"Financial transparency","description":"We are certified with the DZI Seal of Approval for our responsible use of funds. Learn where our donations come from and how we use them.","robots":{"index":"index","follow":"follow","max-snippet":"max-snippet:-1","max-image-preview":"max-image-preview:large","max-video-preview":"max-video-preview:-1"},"canonical":"https:\/\/www.spaltkinder.org\/en\/about-dckh\/finances-and-accountability\/","og_locale":"en_US","og_type":"article","og_title":"Financial transparency","og_description":"We are certified with the DZI Seal of Approval for our responsible use of funds. Learn where our donations come from and how we use them.","og_url":"https:\/\/www.spaltkinder.org\/en\/about-dckh\/finances-and-accountability\/","og_site_name":"Deutsche Cleft Kinderhilfe e.V.","article_publisher":"https:\/\/www.facebook.com\/Deutsche.Cleft.Kinderhilfe\/","article_modified_time":"2026-03-04T10:32:34+00:00","og_image":[{"width":1024,"height":683,"url":"https:\/\/www.spaltkinder.org\/wp-content\/uploads\/2023\/05\/peru-azangaro-hilfseinsatz-cleft-1.jpg","type":"image\/jpeg"}],"twitter_card":"summary_large_image","schema":{"@context":"https:\/\/schema.org","@graph":[{"@type":"WebPage","@id":"https:\/\/www.spaltkinder.org\/en\/about-dckh\/finances-and-accountability\/","url":"https:\/\/www.spaltkinder.org\/en\/about-dckh\/finances-and-accountability\/","name":"Financial transparency","isPartOf":{"@id":"https:\/\/www.spaltkinder.org\/en\/#website"},"primaryImageOfPage":{"@id":"https:\/\/www.spaltkinder.org\/en\/about-dckh\/finances-and-accountability\/#primaryimage"},"image":{"@id":"https:\/\/www.spaltkinder.org\/en\/about-dckh\/finances-and-accountability\/#primaryimage"},"thumbnailUrl":"https:\/\/www.spaltkinder.org\/wp-content\/uploads\/2023\/05\/peru-azangaro-hilfseinsatz-cleft-1.jpg","datePublished":"2023-05-02T12:27:55+00:00","dateModified":"2026-03-04T10:32:34+00:00","description":"We are certified with the DZI Seal of Approval for our responsible use of funds. Learn where our donations come from and how we use them.","breadcrumb":{"@id":"https:\/\/www.spaltkinder.org\/en\/about-dckh\/finances-and-accountability\/#breadcrumb"},"inLanguage":"en-US","potentialAction":[{"@type":"ReadAction","target":["https:\/\/www.spaltkinder.org\/en\/about-dckh\/finances-and-accountability\/"]}]},{"@type":"ImageObject","inLanguage":"en-US","@id":"https:\/\/www.spaltkinder.org\/en\/about-dckh\/finances-and-accountability\/#primaryimage","url":"https:\/\/www.spaltkinder.org\/wp-content\/uploads\/2023\/05\/peru-azangaro-hilfseinsatz-cleft-1.jpg","contentUrl":"https:\/\/www.spaltkinder.org\/wp-content\/uploads\/2023\/05\/peru-azangaro-hilfseinsatz-cleft-1.jpg","width":1024,"height":683,"caption":"Hilfseinsatz in Az\u00e1ngaro vom 29.1. bis 1.2.2020. Dr. Alberto Bardales bei OP (links)"},{"@type":"BreadcrumbList","@id":"https:\/\/www.spaltkinder.org\/en\/about-dckh\/finances-and-accountability\/#breadcrumb","itemListElement":[{"@type":"ListItem","position":1,"name":"Home","item":"https:\/\/www.spaltkinder.org\/en\/"},{"@type":"ListItem","position":2,"name":"About Deutsche Cleft Kinderhilfe","item":"https:\/\/www.spaltkinder.org\/en\/about-dckh\/"},{"@type":"ListItem","position":3,"name":"Finances and accountability"}]},{"@type":"WebSite","@id":"https:\/\/www.spaltkinder.org\/en\/#website","url":"https:\/\/www.spaltkinder.org\/en\/","name":"Deutsche Cleft Kinderhilfe e.V.","description":"","publisher":{"@id":"https:\/\/www.spaltkinder.org\/en\/#organization"},"potentialAction":[{"@type":"SearchAction","target":{"@type":"EntryPoint","urlTemplate":"https:\/\/www.spaltkinder.org\/en\/?s={search_term_string}"},"query-input":{"@type":"PropertyValueSpecification","valueRequired":true,"valueName":"search_term_string"}}],"inLanguage":"en-US"},{"@type":"Organization","@id":"https:\/\/www.spaltkinder.org\/en\/#organization","name":"Deutsche Cleft Kinderhilfe e.V.","url":"https:\/\/www.spaltkinder.org\/en\/","logo":{"@type":"ImageObject","inLanguage":"en-US","@id":"https:\/\/www.spaltkinder.org\/en\/#\/schema\/logo\/image\/","url":"","contentUrl":"","caption":"Deutsche Cleft Kinderhilfe e.V."},"image":{"@id":"https:\/\/www.spaltkinder.org\/en\/#\/schema\/logo\/image\/"},"sameAs":["https:\/\/www.facebook.com\/Deutsche.Cleft.Kinderhilfe\/","https:\/\/www.instagram.com\/deutschecleftkinderhilfe\/"]}]}},"_links":{"self":[{"href":"https:\/\/www.spaltkinder.org\/en\/wp-json\/wp\/v2\/pages\/10019420","targetHints":{"allow":["GET"]}}],"collection":[{"href":"https:\/\/www.spaltkinder.org\/en\/wp-json\/wp\/v2\/pages"}],"about":[{"href":"https:\/\/www.spaltkinder.org\/en\/wp-json\/wp\/v2\/types\/page"}],"author":[{"embeddable":true,"href":"https:\/\/www.spaltkinder.org\/en\/wp-json\/wp\/v2\/users\/418"}],"replies":[{"embeddable":true,"href":"https:\/\/www.spaltkinder.org\/en\/wp-json\/wp\/v2\/comments?post=10019420"}],"version-history":[{"count":2,"href":"https:\/\/www.spaltkinder.org\/en\/wp-json\/wp\/v2\/pages\/10019420\/revisions"}],"predecessor-version":[{"id":10034796,"href":"https:\/\/www.spaltkinder.org\/en\/wp-json\/wp\/v2\/pages\/10019420\/revisions\/10034796"}],"up":[{"embeddable":true,"href":"https:\/\/www.spaltkinder.org\/en\/wp-json\/wp\/v2\/pages\/10019393"}],"wp:featuredmedia":[{"embeddable":true,"href":"https:\/\/www.spaltkinder.org\/en\/wp-json\/wp\/v2\/media\/10016420"}],"wp:attachment":[{"href":"https:\/\/www.spaltkinder.org\/en\/wp-json\/wp\/v2\/media?parent=10019420"}],"curies":[{"name":"wp","href":"https:\/\/api.w.org\/{rel}","templated":true}]}}