{"id":10019731,"date":"2023-04-26T10:47:57","date_gmt":"2023-04-26T09:47:57","guid":{"rendered":"https:\/\/www.spaltkinder.org\/about-deutsche-cleft-kinderhilfe-e-v\/our-network\/institutional-supporters\/"},"modified":"2023-08-31T09:15:58","modified_gmt":"2023-08-31T07:15:58","slug":"institutional-supporters","status":"publish","type":"page","link":"https:\/\/www.spaltkinder.org\/en\/about-dckh\/our-network\/institutional-supporters\/","title":{"rendered":"Institutional supporters"},"content":{"rendered":"<p><img decoding=\"async\" loading=\"lazy\" src=\"https:\/\/www.spaltkinder.org\/wp-content\/uploads\/2023\/05\/ruanda-rwamagana-hilfseinsatz-03-22-scaled.jpg\"><noscript><img decoding=\"async\" src=\"https:\/\/www.spaltkinder.org\/wp-content\/uploads\/2023\/05\/ruanda-rwamagana-hilfseinsatz-03-22-scaled.jpg\"><\/noscript><\/p>\n<h1 style=\"text-align: center;\">Institutional supporters<\/h1>\n<p>Numerous foundations and non-profit aid organizations help us do our work. We also receive state funding from the Federal Ministry for Economic Cooperation and Development (BMZ) and from the Federal Foreign Office. Some of these partnerships have been ongoing for many years.<\/p>\n","protected":false},"excerpt":{"rendered":"<p>Nationale sowie internationale Stiftungen und gemeinn\u00fctzige Hilfsorganisationen erm\u00f6glichen uns einen substanziellen Ausbau unserer Hilfe f\u00fcr Spaltkinder. Partnerschaften, die zum Teil bereits seit vielen Jahren bestehen.<\/p>\n","protected":false},"author":418,"featured_media":10020035,"parent":10019392,"menu_order":0,"comment_status":"closed","ping_status":"closed","template":"","meta":{"footnotes":""},"class_list":["post-10019731","page","type-page","status-publish","has-post-thumbnail","hentry"],"yoast_head":"<!-- This site is optimized with the Yoast SEO plugin v26.9 - https:\/\/yoast.com\/product\/yoast-seo-wordpress\/ -->\n<title>Institutional supporters<\/title>\n<meta name=\"description\" content=\"Many foundations and non-profit organizations support our aid for cleft children. Find out who they are and which projects they are funding.\" \/>\n<meta name=\"robots\" content=\"index, follow, max-snippet:-1, max-image-preview:large, max-video-preview:-1\" \/>\n<link rel=\"canonical\" href=\"https:\/\/www.spaltkinder.org\/en\/about-dckh\/our-network\/institutional-supporters\/\" \/>\n<meta property=\"og:locale\" content=\"en_US\" \/>\n<meta property=\"og:type\" content=\"article\" \/>\n<meta property=\"og:title\" content=\"Institutional supporters\" \/>\n<meta property=\"og:description\" content=\"Many foundations and non-profit organizations support our aid for cleft children. Find out who they are and which projects they are funding.\" \/>\n<meta property=\"og:url\" content=\"https:\/\/www.spaltkinder.org\/en\/about-dckh\/our-network\/institutional-supporters\/\" \/>\n<meta property=\"og:site_name\" content=\"Deutsche Cleft Kinderhilfe e.V.\" \/>\n<meta property=\"article:publisher\" content=\"https:\/\/www.facebook.com\/Deutsche.Cleft.Kinderhilfe\/\" \/>\n<meta property=\"article:modified_time\" content=\"2023-08-31T07:15:58+00:00\" \/>\n<meta property=\"og:image\" content=\"https:\/\/www.spaltkinder.org\/wp-content\/uploads\/2023\/07\/2017-indien-ibrahim-spaltkinder-1-scaled.jpg\" \/>\n\t<meta property=\"og:image:width\" content=\"2560\" \/>\n\t<meta property=\"og:image:height\" content=\"1702\" \/>\n\t<meta property=\"og:image:type\" content=\"image\/jpeg\" \/>\n<meta name=\"twitter:card\" content=\"summary_large_image\" \/>\n<script type=\"application\/ld+json\" class=\"yoast-schema-graph\">{\"@context\":\"https:\/\/schema.org\",\"@graph\":[{\"@type\":\"WebPage\",\"@id\":\"https:\/\/www.spaltkinder.org\/en\/about-dckh\/our-network\/institutional-supporters\/\",\"url\":\"https:\/\/www.spaltkinder.org\/en\/about-dckh\/our-network\/institutional-supporters\/\",\"name\":\"Institutional supporters\",\"isPartOf\":{\"@id\":\"https:\/\/www.spaltkinder.org\/en\/#website\"},\"primaryImageOfPage\":{\"@id\":\"https:\/\/www.spaltkinder.org\/en\/about-dckh\/our-network\/institutional-supporters\/#primaryimage\"},\"image\":{\"@id\":\"https:\/\/www.spaltkinder.org\/en\/about-dckh\/our-network\/institutional-supporters\/#primaryimage\"},\"thumbnailUrl\":\"https:\/\/www.spaltkinder.org\/wp-content\/uploads\/2023\/07\/2017-indien-ibrahim-spaltkinder-1-scaled.jpg\",\"datePublished\":\"2023-04-26T09:47:57+00:00\",\"dateModified\":\"2023-08-31T07:15:58+00:00\",\"description\":\"Many foundations and non-profit organizations support our aid for cleft children. Find out who they are and which projects they are funding.\",\"breadcrumb\":{\"@id\":\"https:\/\/www.spaltkinder.org\/en\/about-dckh\/our-network\/institutional-supporters\/#breadcrumb\"},\"inLanguage\":\"en-US\",\"potentialAction\":[{\"@type\":\"ReadAction\",\"target\":[\"https:\/\/www.spaltkinder.org\/en\/about-dckh\/our-network\/institutional-supporters\/\"]}]},{\"@type\":\"ImageObject\",\"inLanguage\":\"en-US\",\"@id\":\"https:\/\/www.spaltkinder.org\/en\/about-dckh\/our-network\/institutional-supporters\/#primaryimage\",\"url\":\"https:\/\/www.spaltkinder.org\/wp-content\/uploads\/2023\/07\/2017-indien-ibrahim-spaltkinder-1-scaled.jpg\",\"contentUrl\":\"https:\/\/www.spaltkinder.org\/wp-content\/uploads\/2023\/07\/2017-indien-ibrahim-spaltkinder-1-scaled.jpg\",\"width\":2560,\"height\":1702,\"caption\":\"Ibrahim mit Freunden nach seiner Operation. Kindergruppe.\"},{\"@type\":\"BreadcrumbList\",\"@id\":\"https:\/\/www.spaltkinder.org\/en\/about-dckh\/our-network\/institutional-supporters\/#breadcrumb\",\"itemListElement\":[{\"@type\":\"ListItem\",\"position\":1,\"name\":\"Home\",\"item\":\"https:\/\/www.spaltkinder.org\/en\/\"},{\"@type\":\"ListItem\",\"position\":2,\"name\":\"About Deutsche Cleft Kinderhilfe\",\"item\":\"https:\/\/www.spaltkinder.org\/en\/about-dckh\/\"},{\"@type\":\"ListItem\",\"position\":3,\"name\":\"Our Network\",\"item\":\"https:\/\/www.spaltkinder.org\/en\/about-dckh\/our-network\/\"},{\"@type\":\"ListItem\",\"position\":4,\"name\":\"Institutional supporters\"}]},{\"@type\":\"WebSite\",\"@id\":\"https:\/\/www.spaltkinder.org\/en\/#website\",\"url\":\"https:\/\/www.spaltkinder.org\/en\/\",\"name\":\"Deutsche Cleft Kinderhilfe e.V.\",\"description\":\"\",\"publisher\":{\"@id\":\"https:\/\/www.spaltkinder.org\/en\/#organization\"},\"potentialAction\":[{\"@type\":\"SearchAction\",\"target\":{\"@type\":\"EntryPoint\",\"urlTemplate\":\"https:\/\/www.spaltkinder.org\/en\/?s={search_term_string}\"},\"query-input\":{\"@type\":\"PropertyValueSpecification\",\"valueRequired\":true,\"valueName\":\"search_term_string\"}}],\"inLanguage\":\"en-US\"},{\"@type\":\"Organization\",\"@id\":\"https:\/\/www.spaltkinder.org\/en\/#organization\",\"name\":\"Deutsche Cleft Kinderhilfe e.V.\",\"url\":\"https:\/\/www.spaltkinder.org\/en\/\",\"logo\":{\"@type\":\"ImageObject\",\"inLanguage\":\"en-US\",\"@id\":\"https:\/\/www.spaltkinder.org\/en\/#\/schema\/logo\/image\/\",\"url\":\"\",\"contentUrl\":\"\",\"caption\":\"Deutsche Cleft Kinderhilfe e.V.\"},\"image\":{\"@id\":\"https:\/\/www.spaltkinder.org\/en\/#\/schema\/logo\/image\/\"},\"sameAs\":[\"https:\/\/www.facebook.com\/Deutsche.Cleft.Kinderhilfe\/\",\"https:\/\/www.instagram.com\/deutschecleftkinderhilfe\/\"]}]}<\/script>\n<!-- \/ Yoast SEO plugin. -->","yoast_head_json":{"title":"Institutional supporters","description":"Many foundations and non-profit organizations support our aid for cleft children. Find out who they are and which projects they are funding.","robots":{"index":"index","follow":"follow","max-snippet":"max-snippet:-1","max-image-preview":"max-image-preview:large","max-video-preview":"max-video-preview:-1"},"canonical":"https:\/\/www.spaltkinder.org\/en\/about-dckh\/our-network\/institutional-supporters\/","og_locale":"en_US","og_type":"article","og_title":"Institutional supporters","og_description":"Many foundations and non-profit organizations support our aid for cleft children. Find out who they are and which projects they are funding.","og_url":"https:\/\/www.spaltkinder.org\/en\/about-dckh\/our-network\/institutional-supporters\/","og_site_name":"Deutsche Cleft Kinderhilfe e.V.","article_publisher":"https:\/\/www.facebook.com\/Deutsche.Cleft.Kinderhilfe\/","article_modified_time":"2023-08-31T07:15:58+00:00","og_image":[{"width":2560,"height":1702,"url":"https:\/\/www.spaltkinder.org\/wp-content\/uploads\/2023\/07\/2017-indien-ibrahim-spaltkinder-1-scaled.jpg","type":"image\/jpeg"}],"twitter_card":"summary_large_image","schema":{"@context":"https:\/\/schema.org","@graph":[{"@type":"WebPage","@id":"https:\/\/www.spaltkinder.org\/en\/about-dckh\/our-network\/institutional-supporters\/","url":"https:\/\/www.spaltkinder.org\/en\/about-dckh\/our-network\/institutional-supporters\/","name":"Institutional supporters","isPartOf":{"@id":"https:\/\/www.spaltkinder.org\/en\/#website"},"primaryImageOfPage":{"@id":"https:\/\/www.spaltkinder.org\/en\/about-dckh\/our-network\/institutional-supporters\/#primaryimage"},"image":{"@id":"https:\/\/www.spaltkinder.org\/en\/about-dckh\/our-network\/institutional-supporters\/#primaryimage"},"thumbnailUrl":"https:\/\/www.spaltkinder.org\/wp-content\/uploads\/2023\/07\/2017-indien-ibrahim-spaltkinder-1-scaled.jpg","datePublished":"2023-04-26T09:47:57+00:00","dateModified":"2023-08-31T07:15:58+00:00","description":"Many foundations and non-profit organizations support our aid for cleft children. Find out who they are and which projects they are funding.","breadcrumb":{"@id":"https:\/\/www.spaltkinder.org\/en\/about-dckh\/our-network\/institutional-supporters\/#breadcrumb"},"inLanguage":"en-US","potentialAction":[{"@type":"ReadAction","target":["https:\/\/www.spaltkinder.org\/en\/about-dckh\/our-network\/institutional-supporters\/"]}]},{"@type":"ImageObject","inLanguage":"en-US","@id":"https:\/\/www.spaltkinder.org\/en\/about-dckh\/our-network\/institutional-supporters\/#primaryimage","url":"https:\/\/www.spaltkinder.org\/wp-content\/uploads\/2023\/07\/2017-indien-ibrahim-spaltkinder-1-scaled.jpg","contentUrl":"https:\/\/www.spaltkinder.org\/wp-content\/uploads\/2023\/07\/2017-indien-ibrahim-spaltkinder-1-scaled.jpg","width":2560,"height":1702,"caption":"Ibrahim mit Freunden nach seiner Operation. Kindergruppe."},{"@type":"BreadcrumbList","@id":"https:\/\/www.spaltkinder.org\/en\/about-dckh\/our-network\/institutional-supporters\/#breadcrumb","itemListElement":[{"@type":"ListItem","position":1,"name":"Home","item":"https:\/\/www.spaltkinder.org\/en\/"},{"@type":"ListItem","position":2,"name":"About Deutsche Cleft Kinderhilfe","item":"https:\/\/www.spaltkinder.org\/en\/about-dckh\/"},{"@type":"ListItem","position":3,"name":"Our Network","item":"https:\/\/www.spaltkinder.org\/en\/about-dckh\/our-network\/"},{"@type":"ListItem","position":4,"name":"Institutional supporters"}]},{"@type":"WebSite","@id":"https:\/\/www.spaltkinder.org\/en\/#website","url":"https:\/\/www.spaltkinder.org\/en\/","name":"Deutsche Cleft Kinderhilfe e.V.","description":"","publisher":{"@id":"https:\/\/www.spaltkinder.org\/en\/#organization"},"potentialAction":[{"@type":"SearchAction","target":{"@type":"EntryPoint","urlTemplate":"https:\/\/www.spaltkinder.org\/en\/?s={search_term_string}"},"query-input":{"@type":"PropertyValueSpecification","valueRequired":true,"valueName":"search_term_string"}}],"inLanguage":"en-US"},{"@type":"Organization","@id":"https:\/\/www.spaltkinder.org\/en\/#organization","name":"Deutsche Cleft Kinderhilfe e.V.","url":"https:\/\/www.spaltkinder.org\/en\/","logo":{"@type":"ImageObject","inLanguage":"en-US","@id":"https:\/\/www.spaltkinder.org\/en\/#\/schema\/logo\/image\/","url":"","contentUrl":"","caption":"Deutsche Cleft Kinderhilfe e.V."},"image":{"@id":"https:\/\/www.spaltkinder.org\/en\/#\/schema\/logo\/image\/"},"sameAs":["https:\/\/www.facebook.com\/Deutsche.Cleft.Kinderhilfe\/","https:\/\/www.instagram.com\/deutschecleftkinderhilfe\/"]}]}},"_links":{"self":[{"href":"https:\/\/www.spaltkinder.org\/en\/wp-json\/wp\/v2\/pages\/10019731","targetHints":{"allow":["GET"]}}],"collection":[{"href":"https:\/\/www.spaltkinder.org\/en\/wp-json\/wp\/v2\/pages"}],"about":[{"href":"https:\/\/www.spaltkinder.org\/en\/wp-json\/wp\/v2\/types\/page"}],"author":[{"embeddable":true,"href":"https:\/\/www.spaltkinder.org\/en\/wp-json\/wp\/v2\/users\/418"}],"replies":[{"embeddable":true,"href":"https:\/\/www.spaltkinder.org\/en\/wp-json\/wp\/v2\/comments?post=10019731"}],"version-history":[{"count":0,"href":"https:\/\/www.spaltkinder.org\/en\/wp-json\/wp\/v2\/pages\/10019731\/revisions"}],"up":[{"embeddable":true,"href":"https:\/\/www.spaltkinder.org\/en\/wp-json\/wp\/v2\/pages\/10019392"}],"wp:featuredmedia":[{"embeddable":true,"href":"https:\/\/www.spaltkinder.org\/en\/wp-json\/wp\/v2\/media\/10020035"}],"wp:attachment":[{"href":"https:\/\/www.spaltkinder.org\/en\/wp-json\/wp\/v2\/media?parent=10019731"}],"curies":[{"name":"wp","href":"https:\/\/api.w.org\/{rel}","templated":true}]}}