{"id":10019817,"date":"2023-04-14T08:53:41","date_gmt":"2023-04-14T07:53:41","guid":{"rendered":"https:\/\/www.spaltkinder.org\/aid-projects\/peru\/"},"modified":"2025-10-08T13:36:58","modified_gmt":"2025-10-08T12:36:58","slug":"peru","status":"publish","type":"page","link":"https:\/\/www.spaltkinder.org\/en\/aid-projects\/peru\/","title":{"rendered":"Peru"},"content":{"rendered":"<h1 style=\"text-align: center;\">Help for cleft children in <span style=\"color: #E5712A;\">Peru<\/span><\/h1>\n<p><img decoding=\"async\" loading=\"lazy\" src=\"https:\/\/www.spaltkinder.org\/wp-content\/uploads\/2023\/05\/peru-cristel-45204-spaltkind_1-1.jpg\"><noscript><img decoding=\"async\" src=\"https:\/\/www.spaltkinder.org\/wp-content\/uploads\/2023\/05\/peru-cristel-45204-spaltkind_1-1.jpg\"><\/noscript><\/p>\n<h2 style=\"text-align: center;\">Deutsche Cleft Kinderhilfe in Peru<\/h2>\n","protected":false},"excerpt":{"rendered":"<p>Unsere Hilfe in Peru zeichnet sich durch das umfassende Behandlungskonzept aus. Aufgebaut wurde das Projekt bereits 2006. Fester Projektstandort ist Lima. Dar\u00fcber hinaus f\u00fchrt das interdisziplin\u00e4re Team Hilfseins\u00e4tze im ganzen Land durch. <\/p>\n","protected":false},"author":418,"featured_media":10016418,"parent":10019792,"menu_order":13,"comment_status":"closed","ping_status":"closed","template":"","meta":{"footnotes":""},"class_list":["post-10019817","page","type-page","status-publish","has-post-thumbnail","hentry"],"yoast_head":"<!-- This site is optimized with the Yoast SEO plugin v26.9 - https:\/\/yoast.com\/product\/yoast-seo-wordpress\/ -->\n<title>Donate to Help Children in Peru<\/title>\n<meta name=\"description\" content=\"Since 2006, DCKH has been providing free surgeries and follow-up treatments to help children with cleft lip and palate in Peru.\" \/>\n<meta name=\"robots\" content=\"index, follow, max-snippet:-1, max-image-preview:large, max-video-preview:-1\" \/>\n<link rel=\"canonical\" href=\"https:\/\/www.spaltkinder.org\/en\/aid-projects\/peru\/\" \/>\n<meta property=\"og:locale\" content=\"en_US\" \/>\n<meta property=\"og:type\" content=\"article\" \/>\n<meta property=\"og:title\" content=\"Donate to Help Children in Peru\" \/>\n<meta property=\"og:description\" content=\"Since 2006, DCKH has been providing free surgeries and follow-up treatments to help children with cleft lip and palate in Peru.\" \/>\n<meta property=\"og:url\" content=\"https:\/\/www.spaltkinder.org\/en\/aid-projects\/peru\/\" \/>\n<meta property=\"og:site_name\" content=\"Deutsche Cleft Kinderhilfe e.V.\" \/>\n<meta property=\"article:publisher\" content=\"https:\/\/www.facebook.com\/Deutsche.Cleft.Kinderhilfe\/\" \/>\n<meta property=\"article:modified_time\" content=\"2025-10-08T12:36:58+00:00\" \/>\n<meta property=\"og:image\" content=\"https:\/\/www.spaltkinder.org\/wp-content\/uploads\/2023\/05\/peru-cristel-45204-spaltkind_1-1.jpg\" \/>\n\t<meta property=\"og:image:width\" content=\"1024\" \/>\n\t<meta property=\"og:image:height\" content=\"688\" \/>\n\t<meta property=\"og:image:type\" content=\"image\/jpeg\" \/>\n<meta name=\"twitter:card\" content=\"summary_large_image\" \/>\n<script type=\"application\/ld+json\" class=\"yoast-schema-graph\">{\"@context\":\"https:\/\/schema.org\",\"@graph\":[{\"@type\":\"WebPage\",\"@id\":\"https:\/\/www.spaltkinder.org\/en\/aid-projects\/peru\/\",\"url\":\"https:\/\/www.spaltkinder.org\/en\/aid-projects\/peru\/\",\"name\":\"Donate to Help Children in Peru\",\"isPartOf\":{\"@id\":\"https:\/\/www.spaltkinder.org\/en\/#website\"},\"primaryImageOfPage\":{\"@id\":\"https:\/\/www.spaltkinder.org\/en\/aid-projects\/peru\/#primaryimage\"},\"image\":{\"@id\":\"https:\/\/www.spaltkinder.org\/en\/aid-projects\/peru\/#primaryimage\"},\"thumbnailUrl\":\"https:\/\/www.spaltkinder.org\/wp-content\/uploads\/2023\/05\/peru-cristel-45204-spaltkind_1-1.jpg\",\"datePublished\":\"2023-04-14T07:53:41+00:00\",\"dateModified\":\"2025-10-08T12:36:58+00:00\",\"description\":\"Since 2006, DCKH has been providing free surgeries and follow-up treatments to help children with cleft lip and palate in Peru.\",\"breadcrumb\":{\"@id\":\"https:\/\/www.spaltkinder.org\/en\/aid-projects\/peru\/#breadcrumb\"},\"inLanguage\":\"en-US\",\"potentialAction\":[{\"@type\":\"ReadAction\",\"target\":[\"https:\/\/www.spaltkinder.org\/en\/aid-projects\/peru\/\"]}]},{\"@type\":\"ImageObject\",\"inLanguage\":\"en-US\",\"@id\":\"https:\/\/www.spaltkinder.org\/en\/aid-projects\/peru\/#primaryimage\",\"url\":\"https:\/\/www.spaltkinder.org\/wp-content\/uploads\/2023\/05\/peru-cristel-45204-spaltkind_1-1.jpg\",\"contentUrl\":\"https:\/\/www.spaltkinder.org\/wp-content\/uploads\/2023\/05\/peru-cristel-45204-spaltkind_1-1.jpg\",\"width\":1024,\"height\":688,\"caption\":\"operiert beim ersten Qorito Hilfseinsatz seit Beginn der Pandemie, 14. bis 16. Mai 2021 in Ayaviri\"},{\"@type\":\"BreadcrumbList\",\"@id\":\"https:\/\/www.spaltkinder.org\/en\/aid-projects\/peru\/#breadcrumb\",\"itemListElement\":[{\"@type\":\"ListItem\",\"position\":1,\"name\":\"Home\",\"item\":\"https:\/\/www.spaltkinder.org\/en\/\"},{\"@type\":\"ListItem\",\"position\":2,\"name\":\"Aid projects\",\"item\":\"https:\/\/www.spaltkinder.org\/en\/aid-projects\/\"},{\"@type\":\"ListItem\",\"position\":3,\"name\":\"Peru\"}]},{\"@type\":\"WebSite\",\"@id\":\"https:\/\/www.spaltkinder.org\/en\/#website\",\"url\":\"https:\/\/www.spaltkinder.org\/en\/\",\"name\":\"Deutsche Cleft Kinderhilfe e.V.\",\"description\":\"\",\"publisher\":{\"@id\":\"https:\/\/www.spaltkinder.org\/en\/#organization\"},\"potentialAction\":[{\"@type\":\"SearchAction\",\"target\":{\"@type\":\"EntryPoint\",\"urlTemplate\":\"https:\/\/www.spaltkinder.org\/en\/?s={search_term_string}\"},\"query-input\":{\"@type\":\"PropertyValueSpecification\",\"valueRequired\":true,\"valueName\":\"search_term_string\"}}],\"inLanguage\":\"en-US\"},{\"@type\":\"Organization\",\"@id\":\"https:\/\/www.spaltkinder.org\/en\/#organization\",\"name\":\"Deutsche Cleft Kinderhilfe e.V.\",\"url\":\"https:\/\/www.spaltkinder.org\/en\/\",\"logo\":{\"@type\":\"ImageObject\",\"inLanguage\":\"en-US\",\"@id\":\"https:\/\/www.spaltkinder.org\/en\/#\/schema\/logo\/image\/\",\"url\":\"\",\"contentUrl\":\"\",\"caption\":\"Deutsche Cleft Kinderhilfe e.V.\"},\"image\":{\"@id\":\"https:\/\/www.spaltkinder.org\/en\/#\/schema\/logo\/image\/\"},\"sameAs\":[\"https:\/\/www.facebook.com\/Deutsche.Cleft.Kinderhilfe\/\",\"https:\/\/www.instagram.com\/deutschecleftkinderhilfe\/\"]}]}<\/script>\n<!-- \/ Yoast SEO plugin. -->","yoast_head_json":{"title":"Donate to Help Children in Peru","description":"Since 2006, DCKH has been providing free surgeries and follow-up treatments to help children with cleft lip and palate in Peru.","robots":{"index":"index","follow":"follow","max-snippet":"max-snippet:-1","max-image-preview":"max-image-preview:large","max-video-preview":"max-video-preview:-1"},"canonical":"https:\/\/www.spaltkinder.org\/en\/aid-projects\/peru\/","og_locale":"en_US","og_type":"article","og_title":"Donate to Help Children in Peru","og_description":"Since 2006, DCKH has been providing free surgeries and follow-up treatments to help children with cleft lip and palate in Peru.","og_url":"https:\/\/www.spaltkinder.org\/en\/aid-projects\/peru\/","og_site_name":"Deutsche Cleft Kinderhilfe e.V.","article_publisher":"https:\/\/www.facebook.com\/Deutsche.Cleft.Kinderhilfe\/","article_modified_time":"2025-10-08T12:36:58+00:00","og_image":[{"width":1024,"height":688,"url":"https:\/\/www.spaltkinder.org\/wp-content\/uploads\/2023\/05\/peru-cristel-45204-spaltkind_1-1.jpg","type":"image\/jpeg"}],"twitter_card":"summary_large_image","schema":{"@context":"https:\/\/schema.org","@graph":[{"@type":"WebPage","@id":"https:\/\/www.spaltkinder.org\/en\/aid-projects\/peru\/","url":"https:\/\/www.spaltkinder.org\/en\/aid-projects\/peru\/","name":"Donate to Help Children in Peru","isPartOf":{"@id":"https:\/\/www.spaltkinder.org\/en\/#website"},"primaryImageOfPage":{"@id":"https:\/\/www.spaltkinder.org\/en\/aid-projects\/peru\/#primaryimage"},"image":{"@id":"https:\/\/www.spaltkinder.org\/en\/aid-projects\/peru\/#primaryimage"},"thumbnailUrl":"https:\/\/www.spaltkinder.org\/wp-content\/uploads\/2023\/05\/peru-cristel-45204-spaltkind_1-1.jpg","datePublished":"2023-04-14T07:53:41+00:00","dateModified":"2025-10-08T12:36:58+00:00","description":"Since 2006, DCKH has been providing free surgeries and follow-up treatments to help children with cleft lip and palate in Peru.","breadcrumb":{"@id":"https:\/\/www.spaltkinder.org\/en\/aid-projects\/peru\/#breadcrumb"},"inLanguage":"en-US","potentialAction":[{"@type":"ReadAction","target":["https:\/\/www.spaltkinder.org\/en\/aid-projects\/peru\/"]}]},{"@type":"ImageObject","inLanguage":"en-US","@id":"https:\/\/www.spaltkinder.org\/en\/aid-projects\/peru\/#primaryimage","url":"https:\/\/www.spaltkinder.org\/wp-content\/uploads\/2023\/05\/peru-cristel-45204-spaltkind_1-1.jpg","contentUrl":"https:\/\/www.spaltkinder.org\/wp-content\/uploads\/2023\/05\/peru-cristel-45204-spaltkind_1-1.jpg","width":1024,"height":688,"caption":"operiert beim ersten Qorito Hilfseinsatz seit Beginn der Pandemie, 14. bis 16. Mai 2021 in Ayaviri"},{"@type":"BreadcrumbList","@id":"https:\/\/www.spaltkinder.org\/en\/aid-projects\/peru\/#breadcrumb","itemListElement":[{"@type":"ListItem","position":1,"name":"Home","item":"https:\/\/www.spaltkinder.org\/en\/"},{"@type":"ListItem","position":2,"name":"Aid projects","item":"https:\/\/www.spaltkinder.org\/en\/aid-projects\/"},{"@type":"ListItem","position":3,"name":"Peru"}]},{"@type":"WebSite","@id":"https:\/\/www.spaltkinder.org\/en\/#website","url":"https:\/\/www.spaltkinder.org\/en\/","name":"Deutsche Cleft Kinderhilfe e.V.","description":"","publisher":{"@id":"https:\/\/www.spaltkinder.org\/en\/#organization"},"potentialAction":[{"@type":"SearchAction","target":{"@type":"EntryPoint","urlTemplate":"https:\/\/www.spaltkinder.org\/en\/?s={search_term_string}"},"query-input":{"@type":"PropertyValueSpecification","valueRequired":true,"valueName":"search_term_string"}}],"inLanguage":"en-US"},{"@type":"Organization","@id":"https:\/\/www.spaltkinder.org\/en\/#organization","name":"Deutsche Cleft Kinderhilfe e.V.","url":"https:\/\/www.spaltkinder.org\/en\/","logo":{"@type":"ImageObject","inLanguage":"en-US","@id":"https:\/\/www.spaltkinder.org\/en\/#\/schema\/logo\/image\/","url":"","contentUrl":"","caption":"Deutsche Cleft Kinderhilfe e.V."},"image":{"@id":"https:\/\/www.spaltkinder.org\/en\/#\/schema\/logo\/image\/"},"sameAs":["https:\/\/www.facebook.com\/Deutsche.Cleft.Kinderhilfe\/","https:\/\/www.instagram.com\/deutschecleftkinderhilfe\/"]}]}},"_links":{"self":[{"href":"https:\/\/www.spaltkinder.org\/en\/wp-json\/wp\/v2\/pages\/10019817","targetHints":{"allow":["GET"]}}],"collection":[{"href":"https:\/\/www.spaltkinder.org\/en\/wp-json\/wp\/v2\/pages"}],"about":[{"href":"https:\/\/www.spaltkinder.org\/en\/wp-json\/wp\/v2\/types\/page"}],"author":[{"embeddable":true,"href":"https:\/\/www.spaltkinder.org\/en\/wp-json\/wp\/v2\/users\/418"}],"replies":[{"embeddable":true,"href":"https:\/\/www.spaltkinder.org\/en\/wp-json\/wp\/v2\/comments?post=10019817"}],"version-history":[{"count":0,"href":"https:\/\/www.spaltkinder.org\/en\/wp-json\/wp\/v2\/pages\/10019817\/revisions"}],"up":[{"embeddable":true,"href":"https:\/\/www.spaltkinder.org\/en\/wp-json\/wp\/v2\/pages\/10019792"}],"wp:featuredmedia":[{"embeddable":true,"href":"https:\/\/www.spaltkinder.org\/en\/wp-json\/wp\/v2\/media\/10016418"}],"wp:attachment":[{"href":"https:\/\/www.spaltkinder.org\/en\/wp-json\/wp\/v2\/media?parent=10019817"}],"curies":[{"name":"wp","href":"https:\/\/api.w.org\/{rel}","templated":true}]}}