{"id":10019950,"date":"2023-04-29T10:56:45","date_gmt":"2023-04-29T08:56:45","guid":{"rendered":"https:\/\/www.spaltkinder.org\/about-us\/our-network\/international-cooperations\/"},"modified":"2023-07-04T12:43:11","modified_gmt":"2023-07-04T10:43:11","slug":"international-cooperations","status":"publish","type":"page","link":"https:\/\/www.spaltkinder.org\/en\/about-dckh\/our-network\/international-cooperations\/","title":{"rendered":"International Cooperations"},"content":{"rendered":"<p><img decoding=\"async\" loading=\"lazy\" src=\"https:\/\/www.spaltkinder.org\/wp-content\/uploads\/2023\/06\/Vietnam-75-scaled.jpg\"><noscript><img decoding=\"async\" src=\"https:\/\/www.spaltkinder.org\/wp-content\/uploads\/2023\/06\/Vietnam-75-scaled.jpg\"><\/noscript><\/p>\n<h1 style=\"text-align: center;\">International Cooperations<\/h1>\n<p>Wherever the existing structures in our countries allow, we invest in the development of an interdisciplinary treatment network that provides children with cleft lip and palate with comprehensive treatment beyond the surgery. An approach that pays off in the long term \u2013 and requires the appropriate know-how and financial resources. International joint projects with partners who pursue similar goals help us on this way.<\/p>\n<h2>Circle of Cleft Professionals (CoCP)<\/h2>\n<p>Deutsche Cleft Kinderhilfe is a founding member of the <a href=\"https:\/\/cleftcircle.org\/\" rel=\"\">Circle of Cleft Professionals (CoCP)<\/a>. The CoCP is a worldwide network of cleft experts from all disciplines and leading cleft aid organizations. Its aim is to promote professional exchange and knowledge transfer in order to advance interdisciplinary help for cleft children.<\/p>\n","protected":false},"excerpt":{"rendered":"<p>Wo immer es die Strukturen in unseren L\u00e4ndern zulassen, investieren wir in den Aufbau eines interdisziplin\u00e4ren Behandlungsnetzes, das Kindern mit Lippen-Kiefer-Gaumenspalte \u00fcber den chirurgischen Eingriff hinaus eine umfassende Behandlung erm\u00f6glicht. Ein Ansatz, der nur langfristig Erfolg verspricht \u2013 und entsprechendes Know-how und finanzielle Ressourcen voraussetzt. Internationale Gemeinschaftsprojekte mit Partnern, die \u00e4hnliche Ziele verfolgen, helfen uns auf diesem Weg.<\/p>\n","protected":false},"author":418,"featured_media":10019120,"parent":10019392,"menu_order":4,"comment_status":"closed","ping_status":"closed","template":"","meta":{"footnotes":""},"class_list":["post-10019950","page","type-page","status-publish","has-post-thumbnail","hentry"],"yoast_head":"<!-- This site is optimized with the Yoast SEO plugin v26.9 - https:\/\/yoast.com\/product\/yoast-seo-wordpress\/ -->\n<title>International Cooperations<\/title>\n<meta name=\"description\" content=\"Transforming Faces, Noordhoff Craniofacial Foundation and Operation Cleft: Here we introduce our partners from Canada, Taiwan and Australia.\" \/>\n<meta name=\"robots\" content=\"index, follow, max-snippet:-1, max-image-preview:large, max-video-preview:-1\" \/>\n<link rel=\"canonical\" href=\"https:\/\/www.spaltkinder.org\/en\/about-dckh\/our-network\/international-cooperations\/\" \/>\n<meta property=\"og:locale\" content=\"en_US\" \/>\n<meta property=\"og:type\" content=\"article\" \/>\n<meta property=\"og:title\" content=\"International Cooperations\" \/>\n<meta property=\"og:description\" content=\"Transforming Faces, Noordhoff Craniofacial Foundation and Operation Cleft: Here we introduce our partners from Canada, Taiwan and Australia.\" \/>\n<meta property=\"og:url\" content=\"https:\/\/www.spaltkinder.org\/en\/about-dckh\/our-network\/international-cooperations\/\" \/>\n<meta property=\"og:site_name\" content=\"Deutsche Cleft Kinderhilfe e.V.\" \/>\n<meta property=\"article:publisher\" content=\"https:\/\/www.facebook.com\/Deutsche.Cleft.Kinderhilfe\/\" \/>\n<meta property=\"article:modified_time\" content=\"2023-07-04T10:43:11+00:00\" \/>\n<meta property=\"og:image\" content=\"https:\/\/www.spaltkinder.org\/wp-content\/uploads\/2023\/06\/Vietnam-75-scaled.jpg\" \/>\n\t<meta property=\"og:image:width\" content=\"2560\" \/>\n\t<meta property=\"og:image:height\" content=\"1707\" \/>\n\t<meta property=\"og:image:type\" content=\"image\/jpeg\" \/>\n<meta name=\"twitter:card\" content=\"summary_large_image\" \/>\n<script type=\"application\/ld+json\" class=\"yoast-schema-graph\">{\"@context\":\"https:\/\/schema.org\",\"@graph\":[{\"@type\":\"WebPage\",\"@id\":\"https:\/\/www.spaltkinder.org\/en\/about-dckh\/our-network\/international-cooperations\/\",\"url\":\"https:\/\/www.spaltkinder.org\/en\/about-dckh\/our-network\/international-cooperations\/\",\"name\":\"International Cooperations\",\"isPartOf\":{\"@id\":\"https:\/\/www.spaltkinder.org\/en\/#website\"},\"primaryImageOfPage\":{\"@id\":\"https:\/\/www.spaltkinder.org\/en\/about-dckh\/our-network\/international-cooperations\/#primaryimage\"},\"image\":{\"@id\":\"https:\/\/www.spaltkinder.org\/en\/about-dckh\/our-network\/international-cooperations\/#primaryimage\"},\"thumbnailUrl\":\"https:\/\/www.spaltkinder.org\/wp-content\/uploads\/2023\/06\/Vietnam-75-scaled.jpg\",\"datePublished\":\"2023-04-29T08:56:45+00:00\",\"dateModified\":\"2023-07-04T10:43:11+00:00\",\"description\":\"Transforming Faces, Noordhoff Craniofacial Foundation and Operation Cleft: Here we introduce our partners from Canada, Taiwan and Australia.\",\"breadcrumb\":{\"@id\":\"https:\/\/www.spaltkinder.org\/en\/about-dckh\/our-network\/international-cooperations\/#breadcrumb\"},\"inLanguage\":\"en-US\",\"potentialAction\":[{\"@type\":\"ReadAction\",\"target\":[\"https:\/\/www.spaltkinder.org\/en\/about-dckh\/our-network\/international-cooperations\/\"]}]},{\"@type\":\"ImageObject\",\"inLanguage\":\"en-US\",\"@id\":\"https:\/\/www.spaltkinder.org\/en\/about-dckh\/our-network\/international-cooperations\/#primaryimage\",\"url\":\"https:\/\/www.spaltkinder.org\/wp-content\/uploads\/2023\/06\/Vietnam-75-scaled.jpg\",\"contentUrl\":\"https:\/\/www.spaltkinder.org\/wp-content\/uploads\/2023\/06\/Vietnam-75-scaled.jpg\",\"width\":2560,\"height\":1707},{\"@type\":\"BreadcrumbList\",\"@id\":\"https:\/\/www.spaltkinder.org\/en\/about-dckh\/our-network\/international-cooperations\/#breadcrumb\",\"itemListElement\":[{\"@type\":\"ListItem\",\"position\":1,\"name\":\"Home\",\"item\":\"https:\/\/www.spaltkinder.org\/en\/\"},{\"@type\":\"ListItem\",\"position\":2,\"name\":\"About Deutsche Cleft Kinderhilfe\",\"item\":\"https:\/\/www.spaltkinder.org\/en\/about-dckh\/\"},{\"@type\":\"ListItem\",\"position\":3,\"name\":\"Our Network\",\"item\":\"https:\/\/www.spaltkinder.org\/en\/about-dckh\/our-network\/\"},{\"@type\":\"ListItem\",\"position\":4,\"name\":\"International Cooperations\"}]},{\"@type\":\"WebSite\",\"@id\":\"https:\/\/www.spaltkinder.org\/en\/#website\",\"url\":\"https:\/\/www.spaltkinder.org\/en\/\",\"name\":\"Deutsche Cleft Kinderhilfe e.V.\",\"description\":\"\",\"publisher\":{\"@id\":\"https:\/\/www.spaltkinder.org\/en\/#organization\"},\"potentialAction\":[{\"@type\":\"SearchAction\",\"target\":{\"@type\":\"EntryPoint\",\"urlTemplate\":\"https:\/\/www.spaltkinder.org\/en\/?s={search_term_string}\"},\"query-input\":{\"@type\":\"PropertyValueSpecification\",\"valueRequired\":true,\"valueName\":\"search_term_string\"}}],\"inLanguage\":\"en-US\"},{\"@type\":\"Organization\",\"@id\":\"https:\/\/www.spaltkinder.org\/en\/#organization\",\"name\":\"Deutsche Cleft Kinderhilfe e.V.\",\"url\":\"https:\/\/www.spaltkinder.org\/en\/\",\"logo\":{\"@type\":\"ImageObject\",\"inLanguage\":\"en-US\",\"@id\":\"https:\/\/www.spaltkinder.org\/en\/#\/schema\/logo\/image\/\",\"url\":\"\",\"contentUrl\":\"\",\"caption\":\"Deutsche Cleft Kinderhilfe e.V.\"},\"image\":{\"@id\":\"https:\/\/www.spaltkinder.org\/en\/#\/schema\/logo\/image\/\"},\"sameAs\":[\"https:\/\/www.facebook.com\/Deutsche.Cleft.Kinderhilfe\/\",\"https:\/\/www.instagram.com\/deutschecleftkinderhilfe\/\"]}]}<\/script>\n<!-- \/ Yoast SEO plugin. -->","yoast_head_json":{"title":"International Cooperations","description":"Transforming Faces, Noordhoff Craniofacial Foundation and Operation Cleft: Here we introduce our partners from Canada, Taiwan and Australia.","robots":{"index":"index","follow":"follow","max-snippet":"max-snippet:-1","max-image-preview":"max-image-preview:large","max-video-preview":"max-video-preview:-1"},"canonical":"https:\/\/www.spaltkinder.org\/en\/about-dckh\/our-network\/international-cooperations\/","og_locale":"en_US","og_type":"article","og_title":"International Cooperations","og_description":"Transforming Faces, Noordhoff Craniofacial Foundation and Operation Cleft: Here we introduce our partners from Canada, Taiwan and Australia.","og_url":"https:\/\/www.spaltkinder.org\/en\/about-dckh\/our-network\/international-cooperations\/","og_site_name":"Deutsche Cleft Kinderhilfe e.V.","article_publisher":"https:\/\/www.facebook.com\/Deutsche.Cleft.Kinderhilfe\/","article_modified_time":"2023-07-04T10:43:11+00:00","og_image":[{"width":2560,"height":1707,"url":"https:\/\/www.spaltkinder.org\/wp-content\/uploads\/2023\/06\/Vietnam-75-scaled.jpg","type":"image\/jpeg"}],"twitter_card":"summary_large_image","schema":{"@context":"https:\/\/schema.org","@graph":[{"@type":"WebPage","@id":"https:\/\/www.spaltkinder.org\/en\/about-dckh\/our-network\/international-cooperations\/","url":"https:\/\/www.spaltkinder.org\/en\/about-dckh\/our-network\/international-cooperations\/","name":"International Cooperations","isPartOf":{"@id":"https:\/\/www.spaltkinder.org\/en\/#website"},"primaryImageOfPage":{"@id":"https:\/\/www.spaltkinder.org\/en\/about-dckh\/our-network\/international-cooperations\/#primaryimage"},"image":{"@id":"https:\/\/www.spaltkinder.org\/en\/about-dckh\/our-network\/international-cooperations\/#primaryimage"},"thumbnailUrl":"https:\/\/www.spaltkinder.org\/wp-content\/uploads\/2023\/06\/Vietnam-75-scaled.jpg","datePublished":"2023-04-29T08:56:45+00:00","dateModified":"2023-07-04T10:43:11+00:00","description":"Transforming Faces, Noordhoff Craniofacial Foundation and Operation Cleft: Here we introduce our partners from Canada, Taiwan and Australia.","breadcrumb":{"@id":"https:\/\/www.spaltkinder.org\/en\/about-dckh\/our-network\/international-cooperations\/#breadcrumb"},"inLanguage":"en-US","potentialAction":[{"@type":"ReadAction","target":["https:\/\/www.spaltkinder.org\/en\/about-dckh\/our-network\/international-cooperations\/"]}]},{"@type":"ImageObject","inLanguage":"en-US","@id":"https:\/\/www.spaltkinder.org\/en\/about-dckh\/our-network\/international-cooperations\/#primaryimage","url":"https:\/\/www.spaltkinder.org\/wp-content\/uploads\/2023\/06\/Vietnam-75-scaled.jpg","contentUrl":"https:\/\/www.spaltkinder.org\/wp-content\/uploads\/2023\/06\/Vietnam-75-scaled.jpg","width":2560,"height":1707},{"@type":"BreadcrumbList","@id":"https:\/\/www.spaltkinder.org\/en\/about-dckh\/our-network\/international-cooperations\/#breadcrumb","itemListElement":[{"@type":"ListItem","position":1,"name":"Home","item":"https:\/\/www.spaltkinder.org\/en\/"},{"@type":"ListItem","position":2,"name":"About Deutsche Cleft Kinderhilfe","item":"https:\/\/www.spaltkinder.org\/en\/about-dckh\/"},{"@type":"ListItem","position":3,"name":"Our Network","item":"https:\/\/www.spaltkinder.org\/en\/about-dckh\/our-network\/"},{"@type":"ListItem","position":4,"name":"International Cooperations"}]},{"@type":"WebSite","@id":"https:\/\/www.spaltkinder.org\/en\/#website","url":"https:\/\/www.spaltkinder.org\/en\/","name":"Deutsche Cleft Kinderhilfe e.V.","description":"","publisher":{"@id":"https:\/\/www.spaltkinder.org\/en\/#organization"},"potentialAction":[{"@type":"SearchAction","target":{"@type":"EntryPoint","urlTemplate":"https:\/\/www.spaltkinder.org\/en\/?s={search_term_string}"},"query-input":{"@type":"PropertyValueSpecification","valueRequired":true,"valueName":"search_term_string"}}],"inLanguage":"en-US"},{"@type":"Organization","@id":"https:\/\/www.spaltkinder.org\/en\/#organization","name":"Deutsche Cleft Kinderhilfe e.V.","url":"https:\/\/www.spaltkinder.org\/en\/","logo":{"@type":"ImageObject","inLanguage":"en-US","@id":"https:\/\/www.spaltkinder.org\/en\/#\/schema\/logo\/image\/","url":"","contentUrl":"","caption":"Deutsche Cleft Kinderhilfe e.V."},"image":{"@id":"https:\/\/www.spaltkinder.org\/en\/#\/schema\/logo\/image\/"},"sameAs":["https:\/\/www.facebook.com\/Deutsche.Cleft.Kinderhilfe\/","https:\/\/www.instagram.com\/deutschecleftkinderhilfe\/"]}]}},"_links":{"self":[{"href":"https:\/\/www.spaltkinder.org\/en\/wp-json\/wp\/v2\/pages\/10019950","targetHints":{"allow":["GET"]}}],"collection":[{"href":"https:\/\/www.spaltkinder.org\/en\/wp-json\/wp\/v2\/pages"}],"about":[{"href":"https:\/\/www.spaltkinder.org\/en\/wp-json\/wp\/v2\/types\/page"}],"author":[{"embeddable":true,"href":"https:\/\/www.spaltkinder.org\/en\/wp-json\/wp\/v2\/users\/418"}],"replies":[{"embeddable":true,"href":"https:\/\/www.spaltkinder.org\/en\/wp-json\/wp\/v2\/comments?post=10019950"}],"version-history":[{"count":0,"href":"https:\/\/www.spaltkinder.org\/en\/wp-json\/wp\/v2\/pages\/10019950\/revisions"}],"up":[{"embeddable":true,"href":"https:\/\/www.spaltkinder.org\/en\/wp-json\/wp\/v2\/pages\/10019392"}],"wp:featuredmedia":[{"embeddable":true,"href":"https:\/\/www.spaltkinder.org\/en\/wp-json\/wp\/v2\/media\/10019120"}],"wp:attachment":[{"href":"https:\/\/www.spaltkinder.org\/en\/wp-json\/wp\/v2\/media?parent=10019950"}],"curies":[{"name":"wp","href":"https:\/\/api.w.org\/{rel}","templated":true}]}}