{"id":10019980,"date":"2023-04-03T13:26:16","date_gmt":"2023-04-03T12:26:16","guid":{"rendered":"https:\/\/www.spaltkinder.org\/your-support\/start-a-fundraising-campaign\/"},"modified":"2026-01-15T11:12:07","modified_gmt":"2026-01-15T10:12:07","slug":"start-a-fundraising-campaign","status":"publish","type":"page","link":"https:\/\/www.spaltkinder.org\/en\/your-support\/start-a-fundraising-campaign\/","title":{"rendered":"Start a fundraising campaign"},"content":{"rendered":"<p><img decoding=\"async\" loading=\"lazy\" src=\"https:\/\/www.spaltkinder.org\/wp-content\/uploads\/2023\/07\/Aethiopien-Jijiga-Mehdi-Mohamad-Abdi-e1688629687926.jpg\"><noscript><img decoding=\"async\" src=\"https:\/\/www.spaltkinder.org\/wp-content\/uploads\/2023\/07\/Aethiopien-Jijiga-Mehdi-Mohamad-Abdi-e1688629687926.jpg\"><\/noscript><\/p>\n<h1 style=\"text-align: center;\">Start a fundraising campaign <\/h1>\n<h1 style=\"text-align: center;\">for cleft children<\/h1>\n<p><\/p>\n<p>Share joy and double it: With your very own fundraising campaign for cleft children alongside your friends and loved ones, this is all but guaranteed. Getting involved and working together for a good cause connects and motivates. No matter if it\u2019s a birthday, baptism, anniversary or team challenge at work: There are many occasions to start your own fundraiser, and many ways to go about it. We look forward to hearing your ideas!<\/p>\n<p><!-- Begin FundraisingBox --><br \/>\n<script type='text\/javascript' src='https:\/\/secure.fundraisingbox.com\/app\/widgetJS?cfh=cvp5wcgk'><\/script><br \/>\n<noscript>Please enable JavaScript<\/noscript><br \/>\n<a target='_blank' href='https:\/\/www.fundraisingbox.com'><img loading=\"lazy\" border='0' style='border:0!important' src='https:\/\/secure.fundraisingbox.com\/images\/FundraisingBox-Logo-Widget.png' alt='FundraisingBox Logo' \/><noscript><img border='0' style='border:0!important' src='https:\/\/secure.fundraisingbox.com\/images\/FundraisingBox-Logo-Widget.png' alt='FundraisingBox Logo' \/><\/noscript><\/a><br \/>\n<!-- End FundraisingBox --><\/p>\n","protected":false},"excerpt":{"rendered":"<p>Join us in our efforts to help cleft children: Start your own fundraising campaign for cleft children in just a few simple steps.<\/p>\n","protected":false},"author":418,"featured_media":10020369,"parent":10019434,"menu_order":-19,"comment_status":"closed","ping_status":"closed","template":"","meta":{"footnotes":""},"class_list":["post-10019980","page","type-page","status-publish","has-post-thumbnail","hentry"],"yoast_head":"<!-- This site is optimized with the Yoast SEO plugin v26.9 - https:\/\/yoast.com\/product\/yoast-seo-wordpress\/ -->\n<title>Start a fundraising campaign<\/title>\n<meta name=\"description\" content=\"Join us in our efforts to help cleft children: Start your own fundraising campaign for cleft children in just a few simple steps.\" \/>\n<meta name=\"robots\" content=\"index, follow, max-snippet:-1, max-image-preview:large, max-video-preview:-1\" \/>\n<link rel=\"canonical\" href=\"https:\/\/www.spaltkinder.org\/en\/your-support\/start-a-fundraising-campaign\/\" \/>\n<meta property=\"og:locale\" content=\"en_US\" \/>\n<meta property=\"og:type\" content=\"article\" \/>\n<meta property=\"og:title\" content=\"Start a fundraising campaign\" \/>\n<meta property=\"og:description\" content=\"Join us in our efforts to help cleft children: Start your own fundraising campaign for cleft children in just a few simple steps.\" \/>\n<meta property=\"og:url\" content=\"https:\/\/www.spaltkinder.org\/en\/your-support\/start-a-fundraising-campaign\/\" \/>\n<meta property=\"og:site_name\" content=\"Deutsche Cleft Kinderhilfe e.V.\" \/>\n<meta property=\"article:publisher\" content=\"https:\/\/www.facebook.com\/Deutsche.Cleft.Kinderhilfe\/\" \/>\n<meta property=\"article:modified_time\" content=\"2026-01-15T10:12:07+00:00\" \/>\n<meta property=\"og:image\" content=\"https:\/\/www.spaltkinder.org\/wp-content\/uploads\/2023\/07\/Athiopien-Jijiga-Mehdi-Mohamad-Abdi.jpg\" \/>\n\t<meta property=\"og:image:width\" content=\"1600\" \/>\n\t<meta property=\"og:image:height\" content=\"1067\" \/>\n\t<meta property=\"og:image:type\" content=\"image\/jpeg\" \/>\n<meta name=\"twitter:card\" content=\"summary_large_image\" \/>\n<script type=\"application\/ld+json\" class=\"yoast-schema-graph\">{\"@context\":\"https:\/\/schema.org\",\"@graph\":[{\"@type\":\"WebPage\",\"@id\":\"https:\/\/www.spaltkinder.org\/en\/your-support\/start-a-fundraising-campaign\/\",\"url\":\"https:\/\/www.spaltkinder.org\/en\/your-support\/start-a-fundraising-campaign\/\",\"name\":\"Start a fundraising campaign\",\"isPartOf\":{\"@id\":\"https:\/\/www.spaltkinder.org\/en\/#website\"},\"primaryImageOfPage\":{\"@id\":\"https:\/\/www.spaltkinder.org\/en\/your-support\/start-a-fundraising-campaign\/#primaryimage\"},\"image\":{\"@id\":\"https:\/\/www.spaltkinder.org\/en\/your-support\/start-a-fundraising-campaign\/#primaryimage\"},\"thumbnailUrl\":\"https:\/\/www.spaltkinder.org\/wp-content\/uploads\/2023\/07\/Athiopien-Jijiga-Mehdi-Mohamad-Abdi.jpg\",\"datePublished\":\"2023-04-03T12:26:16+00:00\",\"dateModified\":\"2026-01-15T10:12:07+00:00\",\"description\":\"Join us in our efforts to help cleft children: Start your own fundraising campaign for cleft children in just a few simple steps.\",\"breadcrumb\":{\"@id\":\"https:\/\/www.spaltkinder.org\/en\/your-support\/start-a-fundraising-campaign\/#breadcrumb\"},\"inLanguage\":\"en-US\",\"potentialAction\":[{\"@type\":\"ReadAction\",\"target\":[\"https:\/\/www.spaltkinder.org\/en\/your-support\/start-a-fundraising-campaign\/\"]}]},{\"@type\":\"ImageObject\",\"inLanguage\":\"en-US\",\"@id\":\"https:\/\/www.spaltkinder.org\/en\/your-support\/start-a-fundraising-campaign\/#primaryimage\",\"url\":\"https:\/\/www.spaltkinder.org\/wp-content\/uploads\/2023\/07\/Athiopien-Jijiga-Mehdi-Mohamad-Abdi.jpg\",\"contentUrl\":\"https:\/\/www.spaltkinder.org\/wp-content\/uploads\/2023\/07\/Athiopien-Jijiga-Mehdi-Mohamad-Abdi.jpg\",\"width\":1600,\"height\":1067,\"caption\":\"Mehdi wurde im Juni 2023 operiert und erhielt den Verschluss seiner Lippenspalte. Zweiter Hilfseinsatz vom 19. bis 24. Juni 2023. 53 Patienten operiert, davon 51 Kinder. 15 Kinder erhielten nach der 1. OP im November nur ihre zweite Behandlung. Chirurgen: Prof. Ganatra, Ulrike Laml\u00e9, \u00e4thiopische Nachwuchschirurgen Dr. Samarter und Dr. Abdenasir. An\u00e4sthesisten: Dr. Alamgir, Dr. Asif. Mit dabei Andrea Weiberg, Mohamed Ali (Somcare). Patricia Laml\u00e9.\"},{\"@type\":\"BreadcrumbList\",\"@id\":\"https:\/\/www.spaltkinder.org\/en\/your-support\/start-a-fundraising-campaign\/#breadcrumb\",\"itemListElement\":[{\"@type\":\"ListItem\",\"position\":1,\"name\":\"Home\",\"item\":\"https:\/\/www.spaltkinder.org\/en\/\"},{\"@type\":\"ListItem\",\"position\":2,\"name\":\"Your Support\",\"item\":\"https:\/\/www.spaltkinder.org\/en\/your-support\/\"},{\"@type\":\"ListItem\",\"position\":3,\"name\":\"Start a fundraising campaign\"}]},{\"@type\":\"WebSite\",\"@id\":\"https:\/\/www.spaltkinder.org\/en\/#website\",\"url\":\"https:\/\/www.spaltkinder.org\/en\/\",\"name\":\"Deutsche Cleft Kinderhilfe e.V.\",\"description\":\"\",\"publisher\":{\"@id\":\"https:\/\/www.spaltkinder.org\/en\/#organization\"},\"potentialAction\":[{\"@type\":\"SearchAction\",\"target\":{\"@type\":\"EntryPoint\",\"urlTemplate\":\"https:\/\/www.spaltkinder.org\/en\/?s={search_term_string}\"},\"query-input\":{\"@type\":\"PropertyValueSpecification\",\"valueRequired\":true,\"valueName\":\"search_term_string\"}}],\"inLanguage\":\"en-US\"},{\"@type\":\"Organization\",\"@id\":\"https:\/\/www.spaltkinder.org\/en\/#organization\",\"name\":\"Deutsche Cleft Kinderhilfe e.V.\",\"url\":\"https:\/\/www.spaltkinder.org\/en\/\",\"logo\":{\"@type\":\"ImageObject\",\"inLanguage\":\"en-US\",\"@id\":\"https:\/\/www.spaltkinder.org\/en\/#\/schema\/logo\/image\/\",\"url\":\"\",\"contentUrl\":\"\",\"caption\":\"Deutsche Cleft Kinderhilfe e.V.\"},\"image\":{\"@id\":\"https:\/\/www.spaltkinder.org\/en\/#\/schema\/logo\/image\/\"},\"sameAs\":[\"https:\/\/www.facebook.com\/Deutsche.Cleft.Kinderhilfe\/\",\"https:\/\/www.instagram.com\/deutschecleftkinderhilfe\/\"]}]}<\/script>\n<!-- \/ Yoast SEO plugin. -->","yoast_head_json":{"title":"Start a fundraising campaign","description":"Join us in our efforts to help cleft children: Start your own fundraising campaign for cleft children in just a few simple steps.","robots":{"index":"index","follow":"follow","max-snippet":"max-snippet:-1","max-image-preview":"max-image-preview:large","max-video-preview":"max-video-preview:-1"},"canonical":"https:\/\/www.spaltkinder.org\/en\/your-support\/start-a-fundraising-campaign\/","og_locale":"en_US","og_type":"article","og_title":"Start a fundraising campaign","og_description":"Join us in our efforts to help cleft children: Start your own fundraising campaign for cleft children in just a few simple steps.","og_url":"https:\/\/www.spaltkinder.org\/en\/your-support\/start-a-fundraising-campaign\/","og_site_name":"Deutsche Cleft Kinderhilfe e.V.","article_publisher":"https:\/\/www.facebook.com\/Deutsche.Cleft.Kinderhilfe\/","article_modified_time":"2026-01-15T10:12:07+00:00","og_image":[{"width":1600,"height":1067,"url":"https:\/\/www.spaltkinder.org\/wp-content\/uploads\/2023\/07\/Athiopien-Jijiga-Mehdi-Mohamad-Abdi.jpg","type":"image\/jpeg"}],"twitter_card":"summary_large_image","schema":{"@context":"https:\/\/schema.org","@graph":[{"@type":"WebPage","@id":"https:\/\/www.spaltkinder.org\/en\/your-support\/start-a-fundraising-campaign\/","url":"https:\/\/www.spaltkinder.org\/en\/your-support\/start-a-fundraising-campaign\/","name":"Start a fundraising campaign","isPartOf":{"@id":"https:\/\/www.spaltkinder.org\/en\/#website"},"primaryImageOfPage":{"@id":"https:\/\/www.spaltkinder.org\/en\/your-support\/start-a-fundraising-campaign\/#primaryimage"},"image":{"@id":"https:\/\/www.spaltkinder.org\/en\/your-support\/start-a-fundraising-campaign\/#primaryimage"},"thumbnailUrl":"https:\/\/www.spaltkinder.org\/wp-content\/uploads\/2023\/07\/Athiopien-Jijiga-Mehdi-Mohamad-Abdi.jpg","datePublished":"2023-04-03T12:26:16+00:00","dateModified":"2026-01-15T10:12:07+00:00","description":"Join us in our efforts to help cleft children: Start your own fundraising campaign for cleft children in just a few simple steps.","breadcrumb":{"@id":"https:\/\/www.spaltkinder.org\/en\/your-support\/start-a-fundraising-campaign\/#breadcrumb"},"inLanguage":"en-US","potentialAction":[{"@type":"ReadAction","target":["https:\/\/www.spaltkinder.org\/en\/your-support\/start-a-fundraising-campaign\/"]}]},{"@type":"ImageObject","inLanguage":"en-US","@id":"https:\/\/www.spaltkinder.org\/en\/your-support\/start-a-fundraising-campaign\/#primaryimage","url":"https:\/\/www.spaltkinder.org\/wp-content\/uploads\/2023\/07\/Athiopien-Jijiga-Mehdi-Mohamad-Abdi.jpg","contentUrl":"https:\/\/www.spaltkinder.org\/wp-content\/uploads\/2023\/07\/Athiopien-Jijiga-Mehdi-Mohamad-Abdi.jpg","width":1600,"height":1067,"caption":"Mehdi wurde im Juni 2023 operiert und erhielt den Verschluss seiner Lippenspalte. Zweiter Hilfseinsatz vom 19. bis 24. Juni 2023. 53 Patienten operiert, davon 51 Kinder. 15 Kinder erhielten nach der 1. OP im November nur ihre zweite Behandlung. Chirurgen: Prof. Ganatra, Ulrike Laml\u00e9, \u00e4thiopische Nachwuchschirurgen Dr. Samarter und Dr. Abdenasir. An\u00e4sthesisten: Dr. Alamgir, Dr. Asif. Mit dabei Andrea Weiberg, Mohamed Ali (Somcare). Patricia Laml\u00e9."},{"@type":"BreadcrumbList","@id":"https:\/\/www.spaltkinder.org\/en\/your-support\/start-a-fundraising-campaign\/#breadcrumb","itemListElement":[{"@type":"ListItem","position":1,"name":"Home","item":"https:\/\/www.spaltkinder.org\/en\/"},{"@type":"ListItem","position":2,"name":"Your Support","item":"https:\/\/www.spaltkinder.org\/en\/your-support\/"},{"@type":"ListItem","position":3,"name":"Start a fundraising campaign"}]},{"@type":"WebSite","@id":"https:\/\/www.spaltkinder.org\/en\/#website","url":"https:\/\/www.spaltkinder.org\/en\/","name":"Deutsche Cleft Kinderhilfe e.V.","description":"","publisher":{"@id":"https:\/\/www.spaltkinder.org\/en\/#organization"},"potentialAction":[{"@type":"SearchAction","target":{"@type":"EntryPoint","urlTemplate":"https:\/\/www.spaltkinder.org\/en\/?s={search_term_string}"},"query-input":{"@type":"PropertyValueSpecification","valueRequired":true,"valueName":"search_term_string"}}],"inLanguage":"en-US"},{"@type":"Organization","@id":"https:\/\/www.spaltkinder.org\/en\/#organization","name":"Deutsche Cleft Kinderhilfe e.V.","url":"https:\/\/www.spaltkinder.org\/en\/","logo":{"@type":"ImageObject","inLanguage":"en-US","@id":"https:\/\/www.spaltkinder.org\/en\/#\/schema\/logo\/image\/","url":"","contentUrl":"","caption":"Deutsche Cleft Kinderhilfe e.V."},"image":{"@id":"https:\/\/www.spaltkinder.org\/en\/#\/schema\/logo\/image\/"},"sameAs":["https:\/\/www.facebook.com\/Deutsche.Cleft.Kinderhilfe\/","https:\/\/www.instagram.com\/deutschecleftkinderhilfe\/"]}]}},"_links":{"self":[{"href":"https:\/\/www.spaltkinder.org\/en\/wp-json\/wp\/v2\/pages\/10019980","targetHints":{"allow":["GET"]}}],"collection":[{"href":"https:\/\/www.spaltkinder.org\/en\/wp-json\/wp\/v2\/pages"}],"about":[{"href":"https:\/\/www.spaltkinder.org\/en\/wp-json\/wp\/v2\/types\/page"}],"author":[{"embeddable":true,"href":"https:\/\/www.spaltkinder.org\/en\/wp-json\/wp\/v2\/users\/418"}],"replies":[{"embeddable":true,"href":"https:\/\/www.spaltkinder.org\/en\/wp-json\/wp\/v2\/comments?post=10019980"}],"version-history":[{"count":1,"href":"https:\/\/www.spaltkinder.org\/en\/wp-json\/wp\/v2\/pages\/10019980\/revisions"}],"predecessor-version":[{"id":10034309,"href":"https:\/\/www.spaltkinder.org\/en\/wp-json\/wp\/v2\/pages\/10019980\/revisions\/10034309"}],"up":[{"embeddable":true,"href":"https:\/\/www.spaltkinder.org\/en\/wp-json\/wp\/v2\/pages\/10019434"}],"wp:featuredmedia":[{"embeddable":true,"href":"https:\/\/www.spaltkinder.org\/en\/wp-json\/wp\/v2\/media\/10020369"}],"wp:attachment":[{"href":"https:\/\/www.spaltkinder.org\/en\/wp-json\/wp\/v2\/media?parent=10019980"}],"curies":[{"name":"wp","href":"https:\/\/api.w.org\/{rel}","templated":true}]}}