{"id":10019998,"date":"2023-04-06T13:06:32","date_gmt":"2023-04-06T12:06:32","guid":{"rendered":"https:\/\/www.spaltkinder.org\/your-support\/help-as-an-institution\/"},"modified":"2025-10-08T14:01:39","modified_gmt":"2025-10-08T13:01:39","slug":"help-as-an-institution","status":"publish","type":"page","link":"https:\/\/www.spaltkinder.org\/en\/your-support\/help-as-an-institution\/","title":{"rendered":"Help as an institution"},"content":{"rendered":"<p><img decoding=\"async\" loading=\"lazy\" src=\"https:\/\/www.spaltkinder.org\/wp-content\/uploads\/2023\/05\/bolivien-jheferson-spaltkind.jpg\"><noscript><img decoding=\"async\" src=\"https:\/\/www.spaltkinder.org\/wp-content\/uploads\/2023\/05\/bolivien-jheferson-spaltkind.jpg\"><\/noscript><\/p>\n<h1 style=\"text-align: center;\">Help as an institution<\/h1>\n<p><\/p>\n<p>We want our help to have a lasting effect. That is why we invest in the long-term development of our projects. It usually takes ten to fifteen years for the structures in a country to become stable and largely self-sufficient. Experience and staying power are prerequisites for such a success, and of course dependable funding! This is why institutional funds play such an important role for us. Most of our <a href=\"https:\/\/www.spaltkinder.org\/en\/about-dckh\/our-network\/institutional-supporters\/\" rel=\"\">institutional funding partners <\/a>have been accompanying us on our mission for many years and have made a substantial contribution to the success of our <a href=\"https:\/\/www.spaltkinder.org\/en\/how-we-help\/\" rel=\"\">mission <\/a>to help children with cleft lip and palate.<\/p>\n<p>You can play an active role in deciding the use of your funds. Whether you would like to get involved in a specific project country or support a specific project: We value the exchange with you. Together, we can define a funding project that is the best fit for you. Equally, we document the use of your funds transparently in coordination with you and in accordance with the requirements of your institution. <\/p>\n<p>Get in touch, we look forward to hearing from you!<\/p>\n","protected":false},"excerpt":{"rendered":"<p>Wenn Sie sich als Unternehmen engagieren wollen, sind die M\u00f6glichkeiten vielf\u00e4ltig. Mit jeder Form der Hilfe unterst\u00fctzen Sie unsere Mission, Spaltkindern weltweit den Zugang zu einer sicheren Behandlung zu geben. <\/p>\n","protected":false},"author":418,"featured_media":10016941,"parent":10019434,"menu_order":-15,"comment_status":"closed","ping_status":"closed","template":"","meta":{"footnotes":""},"class_list":["post-10019998","page","type-page","status-publish","has-post-thumbnail","hentry"],"yoast_head":"<!-- This site is optimized with the Yoast SEO plugin v26.9 - https:\/\/yoast.com\/product\/yoast-seo-wordpress\/ -->\n<title>How institutions can help cleft children<\/title>\n<meta name=\"description\" content=\"You can fund a specific project or project country, as your statutes demand. We are happy to talk to you about how you can help.\" \/>\n<meta name=\"robots\" content=\"index, follow, max-snippet:-1, max-image-preview:large, max-video-preview:-1\" \/>\n<link rel=\"canonical\" href=\"https:\/\/www.spaltkinder.org\/en\/your-support\/help-as-an-institution\/\" \/>\n<meta property=\"og:locale\" content=\"en_US\" \/>\n<meta property=\"og:type\" content=\"article\" \/>\n<meta property=\"og:title\" content=\"How institutions can help cleft children\" \/>\n<meta property=\"og:description\" content=\"You can fund a specific project or project country, as your statutes demand. We are happy to talk to you about how you can help.\" \/>\n<meta property=\"og:url\" content=\"https:\/\/www.spaltkinder.org\/en\/your-support\/help-as-an-institution\/\" \/>\n<meta property=\"og:site_name\" content=\"Deutsche Cleft Kinderhilfe e.V.\" \/>\n<meta property=\"article:publisher\" content=\"https:\/\/www.facebook.com\/Deutsche.Cleft.Kinderhilfe\/\" \/>\n<meta property=\"article:modified_time\" content=\"2025-10-08T13:01:39+00:00\" \/>\n<meta property=\"og:image\" content=\"https:\/\/www.spaltkinder.org\/wp-content\/uploads\/2023\/05\/bolivien-jheferson-spaltkind.jpg\" \/>\n\t<meta property=\"og:image:width\" content=\"1600\" \/>\n\t<meta property=\"og:image:height\" content=\"1067\" \/>\n\t<meta property=\"og:image:type\" content=\"image\/jpeg\" \/>\n<meta name=\"twitter:card\" content=\"summary_large_image\" \/>\n<script type=\"application\/ld+json\" class=\"yoast-schema-graph\">{\"@context\":\"https:\/\/schema.org\",\"@graph\":[{\"@type\":\"WebPage\",\"@id\":\"https:\/\/www.spaltkinder.org\/en\/your-support\/help-as-an-institution\/\",\"url\":\"https:\/\/www.spaltkinder.org\/en\/your-support\/help-as-an-institution\/\",\"name\":\"How institutions can help cleft children\",\"isPartOf\":{\"@id\":\"https:\/\/www.spaltkinder.org\/en\/#website\"},\"primaryImageOfPage\":{\"@id\":\"https:\/\/www.spaltkinder.org\/en\/your-support\/help-as-an-institution\/#primaryimage\"},\"image\":{\"@id\":\"https:\/\/www.spaltkinder.org\/en\/your-support\/help-as-an-institution\/#primaryimage\"},\"thumbnailUrl\":\"https:\/\/www.spaltkinder.org\/wp-content\/uploads\/2023\/05\/bolivien-jheferson-spaltkind.jpg\",\"datePublished\":\"2023-04-06T12:06:32+00:00\",\"dateModified\":\"2025-10-08T13:01:39+00:00\",\"description\":\"You can fund a specific project or project country, as your statutes demand. We are happy to talk to you about how you can help.\",\"breadcrumb\":{\"@id\":\"https:\/\/www.spaltkinder.org\/en\/your-support\/help-as-an-institution\/#breadcrumb\"},\"inLanguage\":\"en-US\",\"potentialAction\":[{\"@type\":\"ReadAction\",\"target\":[\"https:\/\/www.spaltkinder.org\/en\/your-support\/help-as-an-institution\/\"]}]},{\"@type\":\"ImageObject\",\"inLanguage\":\"en-US\",\"@id\":\"https:\/\/www.spaltkinder.org\/en\/your-support\/help-as-an-institution\/#primaryimage\",\"url\":\"https:\/\/www.spaltkinder.org\/wp-content\/uploads\/2023\/05\/bolivien-jheferson-spaltkind.jpg\",\"contentUrl\":\"https:\/\/www.spaltkinder.org\/wp-content\/uploads\/2023\/05\/bolivien-jheferson-spaltkind.jpg\",\"width\":1600,\"height\":1067},{\"@type\":\"BreadcrumbList\",\"@id\":\"https:\/\/www.spaltkinder.org\/en\/your-support\/help-as-an-institution\/#breadcrumb\",\"itemListElement\":[{\"@type\":\"ListItem\",\"position\":1,\"name\":\"Home\",\"item\":\"https:\/\/www.spaltkinder.org\/en\/\"},{\"@type\":\"ListItem\",\"position\":2,\"name\":\"Your Support\",\"item\":\"https:\/\/www.spaltkinder.org\/en\/your-support\/\"},{\"@type\":\"ListItem\",\"position\":3,\"name\":\"Help as an institution\"}]},{\"@type\":\"WebSite\",\"@id\":\"https:\/\/www.spaltkinder.org\/en\/#website\",\"url\":\"https:\/\/www.spaltkinder.org\/en\/\",\"name\":\"Deutsche Cleft Kinderhilfe e.V.\",\"description\":\"\",\"publisher\":{\"@id\":\"https:\/\/www.spaltkinder.org\/en\/#organization\"},\"potentialAction\":[{\"@type\":\"SearchAction\",\"target\":{\"@type\":\"EntryPoint\",\"urlTemplate\":\"https:\/\/www.spaltkinder.org\/en\/?s={search_term_string}\"},\"query-input\":{\"@type\":\"PropertyValueSpecification\",\"valueRequired\":true,\"valueName\":\"search_term_string\"}}],\"inLanguage\":\"en-US\"},{\"@type\":\"Organization\",\"@id\":\"https:\/\/www.spaltkinder.org\/en\/#organization\",\"name\":\"Deutsche Cleft Kinderhilfe e.V.\",\"url\":\"https:\/\/www.spaltkinder.org\/en\/\",\"logo\":{\"@type\":\"ImageObject\",\"inLanguage\":\"en-US\",\"@id\":\"https:\/\/www.spaltkinder.org\/en\/#\/schema\/logo\/image\/\",\"url\":\"\",\"contentUrl\":\"\",\"caption\":\"Deutsche Cleft Kinderhilfe e.V.\"},\"image\":{\"@id\":\"https:\/\/www.spaltkinder.org\/en\/#\/schema\/logo\/image\/\"},\"sameAs\":[\"https:\/\/www.facebook.com\/Deutsche.Cleft.Kinderhilfe\/\",\"https:\/\/www.instagram.com\/deutschecleftkinderhilfe\/\"]}]}<\/script>\n<!-- \/ Yoast SEO plugin. -->","yoast_head_json":{"title":"How institutions can help cleft children","description":"You can fund a specific project or project country, as your statutes demand. We are happy to talk to you about how you can help.","robots":{"index":"index","follow":"follow","max-snippet":"max-snippet:-1","max-image-preview":"max-image-preview:large","max-video-preview":"max-video-preview:-1"},"canonical":"https:\/\/www.spaltkinder.org\/en\/your-support\/help-as-an-institution\/","og_locale":"en_US","og_type":"article","og_title":"How institutions can help cleft children","og_description":"You can fund a specific project or project country, as your statutes demand. We are happy to talk to you about how you can help.","og_url":"https:\/\/www.spaltkinder.org\/en\/your-support\/help-as-an-institution\/","og_site_name":"Deutsche Cleft Kinderhilfe e.V.","article_publisher":"https:\/\/www.facebook.com\/Deutsche.Cleft.Kinderhilfe\/","article_modified_time":"2025-10-08T13:01:39+00:00","og_image":[{"width":1600,"height":1067,"url":"https:\/\/www.spaltkinder.org\/wp-content\/uploads\/2023\/05\/bolivien-jheferson-spaltkind.jpg","type":"image\/jpeg"}],"twitter_card":"summary_large_image","schema":{"@context":"https:\/\/schema.org","@graph":[{"@type":"WebPage","@id":"https:\/\/www.spaltkinder.org\/en\/your-support\/help-as-an-institution\/","url":"https:\/\/www.spaltkinder.org\/en\/your-support\/help-as-an-institution\/","name":"How institutions can help cleft children","isPartOf":{"@id":"https:\/\/www.spaltkinder.org\/en\/#website"},"primaryImageOfPage":{"@id":"https:\/\/www.spaltkinder.org\/en\/your-support\/help-as-an-institution\/#primaryimage"},"image":{"@id":"https:\/\/www.spaltkinder.org\/en\/your-support\/help-as-an-institution\/#primaryimage"},"thumbnailUrl":"https:\/\/www.spaltkinder.org\/wp-content\/uploads\/2023\/05\/bolivien-jheferson-spaltkind.jpg","datePublished":"2023-04-06T12:06:32+00:00","dateModified":"2025-10-08T13:01:39+00:00","description":"You can fund a specific project or project country, as your statutes demand. We are happy to talk to you about how you can help.","breadcrumb":{"@id":"https:\/\/www.spaltkinder.org\/en\/your-support\/help-as-an-institution\/#breadcrumb"},"inLanguage":"en-US","potentialAction":[{"@type":"ReadAction","target":["https:\/\/www.spaltkinder.org\/en\/your-support\/help-as-an-institution\/"]}]},{"@type":"ImageObject","inLanguage":"en-US","@id":"https:\/\/www.spaltkinder.org\/en\/your-support\/help-as-an-institution\/#primaryimage","url":"https:\/\/www.spaltkinder.org\/wp-content\/uploads\/2023\/05\/bolivien-jheferson-spaltkind.jpg","contentUrl":"https:\/\/www.spaltkinder.org\/wp-content\/uploads\/2023\/05\/bolivien-jheferson-spaltkind.jpg","width":1600,"height":1067},{"@type":"BreadcrumbList","@id":"https:\/\/www.spaltkinder.org\/en\/your-support\/help-as-an-institution\/#breadcrumb","itemListElement":[{"@type":"ListItem","position":1,"name":"Home","item":"https:\/\/www.spaltkinder.org\/en\/"},{"@type":"ListItem","position":2,"name":"Your Support","item":"https:\/\/www.spaltkinder.org\/en\/your-support\/"},{"@type":"ListItem","position":3,"name":"Help as an institution"}]},{"@type":"WebSite","@id":"https:\/\/www.spaltkinder.org\/en\/#website","url":"https:\/\/www.spaltkinder.org\/en\/","name":"Deutsche Cleft Kinderhilfe e.V.","description":"","publisher":{"@id":"https:\/\/www.spaltkinder.org\/en\/#organization"},"potentialAction":[{"@type":"SearchAction","target":{"@type":"EntryPoint","urlTemplate":"https:\/\/www.spaltkinder.org\/en\/?s={search_term_string}"},"query-input":{"@type":"PropertyValueSpecification","valueRequired":true,"valueName":"search_term_string"}}],"inLanguage":"en-US"},{"@type":"Organization","@id":"https:\/\/www.spaltkinder.org\/en\/#organization","name":"Deutsche Cleft Kinderhilfe e.V.","url":"https:\/\/www.spaltkinder.org\/en\/","logo":{"@type":"ImageObject","inLanguage":"en-US","@id":"https:\/\/www.spaltkinder.org\/en\/#\/schema\/logo\/image\/","url":"","contentUrl":"","caption":"Deutsche Cleft Kinderhilfe e.V."},"image":{"@id":"https:\/\/www.spaltkinder.org\/en\/#\/schema\/logo\/image\/"},"sameAs":["https:\/\/www.facebook.com\/Deutsche.Cleft.Kinderhilfe\/","https:\/\/www.instagram.com\/deutschecleftkinderhilfe\/"]}]}},"_links":{"self":[{"href":"https:\/\/www.spaltkinder.org\/en\/wp-json\/wp\/v2\/pages\/10019998","targetHints":{"allow":["GET"]}}],"collection":[{"href":"https:\/\/www.spaltkinder.org\/en\/wp-json\/wp\/v2\/pages"}],"about":[{"href":"https:\/\/www.spaltkinder.org\/en\/wp-json\/wp\/v2\/types\/page"}],"author":[{"embeddable":true,"href":"https:\/\/www.spaltkinder.org\/en\/wp-json\/wp\/v2\/users\/418"}],"replies":[{"embeddable":true,"href":"https:\/\/www.spaltkinder.org\/en\/wp-json\/wp\/v2\/comments?post=10019998"}],"version-history":[{"count":0,"href":"https:\/\/www.spaltkinder.org\/en\/wp-json\/wp\/v2\/pages\/10019998\/revisions"}],"up":[{"embeddable":true,"href":"https:\/\/www.spaltkinder.org\/en\/wp-json\/wp\/v2\/pages\/10019434"}],"wp:featuredmedia":[{"embeddable":true,"href":"https:\/\/www.spaltkinder.org\/en\/wp-json\/wp\/v2\/media\/10016941"}],"wp:attachment":[{"href":"https:\/\/www.spaltkinder.org\/en\/wp-json\/wp\/v2\/media?parent=10019998"}],"curies":[{"name":"wp","href":"https:\/\/api.w.org\/{rel}","templated":true}]}}