{"id":10021590,"date":"2023-09-11T13:17:45","date_gmt":"2023-09-11T12:17:45","guid":{"rendered":"https:\/\/www.spaltkinder.org\/your-support\/help-as-a-business\/christmas-cleft-campaign-gift-a-smile\/"},"modified":"2023-10-06T17:22:44","modified_gmt":"2023-10-06T15:22:44","slug":"christmas-cleft-campaign-gift-a-smile","status":"publish","type":"page","link":"https:\/\/www.spaltkinder.org\/en\/your-support\/help-as-a-business\/christmas-cleft-campaign-gift-a-smile\/","title":{"rendered":"Christmas cleft campaign &#8220;Gift a smile&#8221;"},"content":{"rendered":"<p><img decoding=\"async\" loading=\"lazy\" src=\"https:\/\/www.spaltkinder.org\/wp-content\/uploads\/2023\/08\/weihnachtsaktion_2023_header_2105x840px.jpg\"><noscript><img decoding=\"async\" src=\"https:\/\/www.spaltkinder.org\/wp-content\/uploads\/2023\/08\/weihnachtsaktion_2023_header_2105x840px.jpg\"><\/noscript><\/p>\n<h1 style=\"text-align: center;\">Christmas Cleft Campaign<\/h1>\n<h3>Fund life-changing surgery for children with cleft lip and palate<\/h3>\n<p>Christmas &#8211; an occasion to do good and help people in need. With our &#8220;Gift a smile&#8221; Christmas Cleft Campaign you can help children who urgently need help.<\/p>\n<p>With each surgery sponsorship worth 300 euros, you fund a life-changing surgery for a child with cleft lip and \/ or palate. For the children and their families, this is a gift of immeasurable value.<\/p>\n<p><strong>Join our Christmas campaign and give children with cleft a new life. We have reserved a place on our sponsor wall for each participating business. In advance, we say &#8220;thank you&#8221; from the bottom of our hearts in the name of all our little patients and their families.<\/strong><\/p>\n<h2>It&#8217;s as easy as this:<\/h2>\n<p>1. Donate the number of surgery sponsorships you wish via the <a href=\"https:\/\/www.spaltkinder.org\/en\/donation-form-surgery-sponsor\/\" rel=\"\">donation form<\/a>. As a token of our gratitude, we will showcase your company logo on our wall of sponsors.<\/p>\n<p>2. For this, send your logo to <a href=\"mailto:ulrike.claassens@spaltkinder.org\" rel=\"\">ulrike.claassens@spaltkinder.org<\/a> with the subject &#8220;Christmas Cleft Campaign&#8221;.<\/p>\n<p>3. Make your social commitment visible using our campaign materials, which are available for you to download on <a href=\"https:\/\/www.spaltkinder.org\/en\/your-support\/help-as-a-business\/download-material-for-christmas-cleft-campaign\/\" rel=\"\">our campaign website<\/a>. You can use our images for your social media presence and email signature, as well as our text blocks for your communication. And the best thing is that in doing so you not only make your own charitable commitment visible, but at the same time spread word of our mission.<\/p>\n<p><\/p>\n<div class=\"tipi-row-inner-style clearfix tipi-vertical-c tipi-flex tipi-flex-wrap\"><div class=\"tipi-row-inner-box contents sticky--wrap zeen-col-wrap tipi-flex tipi-flex-wrap tipi-flex-space-between tipi-row tipi-vertical-c\"><div class=\"tipi-col zeen-col zeen-col-0 zeen-col-sz-33 zeen-col--narrow\"><div id=\"block-wrap-52815\" class=\"block-wrap-native block-wrap block-wrap-59 block-css-52815 block-wrap-text block-wrap-no-11 columns__m--1 elements-design-1 block-skin-0 block-is-nest clearfix\" data-id=\"52815\" data-base=\"0\"><div class=\"tipi-row-inner-style clearfix\"><div class=\"tipi-row-inner-box contents sticky--wrap\"><div class=\"block-html-content clearfix link-color-wrap\"><p style=\"text-align: right;\"><span style=\"font-size: 32px\">Your contact<\/span><\/p><\/div><\/div><\/div><\/div><\/div><div class=\"tipi-col zeen-col zeen-col-1 zeen-col-sz-33 zeen-col--narrow\"><div id=\"block-wrap-36569\" class=\"block-wrap-native block-wrap block-wrap-35 block-css-36569 block-wrap-image bild-ansprechpartner block-wrap-no-12 columns__m--1 block-to-see elements-design-1 block-skin-0 block-is-nest clearfix tipi-seen\" data-id=\"36569\" data-base=\"0\"><div class=\"tipi-row-inner-style clearfix\"><div class=\"tipi-row-inner-box contents sticky--wrap\"><div class=\"clearfix mask mask__wrap\"><img width=\"743\" height=\"743\" src=\"https:\/\/www.spaltkinder.org\/wp-content\/uploads\/2023\/04\/DCKH-Ulrike-Claassens-aspect-ratio-1x1-5-743x743.jpg\" class=\"attachment-zeen-770-full size-zeen-770-full zeen-lazy-load-base\" alt=\"\" decoding=\"async\" srcset=\"https:\/\/www.spaltkinder.org\/wp-content\/uploads\/2023\/04\/DCKH-Ulrike-Claassens-aspect-ratio-1x1-5-743x743.jpg 743w, https:\/\/www.spaltkinder.org\/wp-content\/uploads\/2023\/04\/DCKH-Ulrike-Claassens-aspect-ratio-1x1-5-600x600.jpg 600w, https:\/\/www.spaltkinder.org\/wp-content\/uploads\/2023\/04\/DCKH-Ulrike-Claassens-aspect-ratio-1x1-5-100x100.jpg 100w, https:\/\/www.spaltkinder.org\/wp-content\/uploads\/2023\/04\/DCKH-Ulrike-Claassens-aspect-ratio-1x1-5-770x770.jpg 770w, https:\/\/www.spaltkinder.org\/wp-content\/uploads\/2023\/04\/DCKH-Ulrike-Claassens-aspect-ratio-1x1-5-500x500.jpg 500w, https:\/\/www.spaltkinder.org\/wp-content\/uploads\/2023\/04\/DCKH-Ulrike-Claassens-aspect-ratio-1x1-5-293x293.jpg 293w, https:\/\/www.spaltkinder.org\/wp-content\/uploads\/2023\/04\/DCKH-Ulrike-Claassens-aspect-ratio-1x1-5-266x266.jpg 266w, https:\/\/www.spaltkinder.org\/wp-content\/uploads\/2023\/04\/DCKH-Ulrike-Claassens-aspect-ratio-1x1-5-363x363.jpg 363w, https:\/\/www.spaltkinder.org\/wp-content\/uploads\/2023\/04\/DCKH-Ulrike-Claassens-aspect-ratio-1x1-5-558x558.jpg 558w, https:\/\/www.spaltkinder.org\/wp-content\/uploads\/2023\/04\/DCKH-Ulrike-Claassens-aspect-ratio-1x1-5-873x873.jpg 873w, https:\/\/www.spaltkinder.org\/wp-content\/uploads\/2023\/04\/DCKH-Ulrike-Claassens-aspect-ratio-1x1-5-390x390.jpg 390w, https:\/\/www.spaltkinder.org\/wp-content\/uploads\/2023\/04\/DCKH-Ulrike-Claassens-aspect-ratio-1x1-5-96x96.jpg 96w, https:\/\/www.spaltkinder.org\/wp-content\/uploads\/2023\/04\/DCKH-Ulrike-Claassens-aspect-ratio-1x1-5-150x150.jpg 150w, https:\/\/www.spaltkinder.org\/wp-content\/uploads\/2023\/04\/DCKH-Ulrike-Claassens-aspect-ratio-1x1-5.jpg 1067w\" sizes=\"auto, (max-width: 743px) 100vw, 743px\" loading=\"lazy\"><\/div><\/div><\/div><\/div><\/div><div class=\"tipi-col zeen-col zeen-col-2 zeen-col-sz-33 zeen-col--narrow\"><div id=\"block-wrap-77023\" class=\"block-wrap-native block-wrap block-wrap-59 block-css-77023 block-wrap-text block-wrap-no-13 columns__m--1 elements-design-1 block-skin-0 block-is-nest clearfix\" data-id=\"77023\" data-base=\"0\"><div class=\"tipi-row-inner-style clearfix\"><div class=\"tipi-row-inner-box contents sticky--wrap\"><div class=\"block-html-content clearfix link-color-wrap\"><p>Ulrike Claassens<\/p><p><span style=\"color: #666666;\">Donor communications<\/span><\/p><p><a href=\"tel:076113797611\" rel=\"\">Phone: 0761 137976 \u2013 11<\/a> <a href=\"mailto:ulrike.claassens@spaltkinder.org\" rel=\"\">ulrike.claassens@spaltkinder.org<\/a><\/p><\/div><\/div><\/div><\/div><\/div><\/div><\/div>\n<p>ALTRUJA-PAGE-UNUE<\/p>\n<h2>We say &#8220;Thank you!&#8221; to our 2023 Christmas surgery sponsors:<\/h2>\n","protected":false},"excerpt":{"rendered":"<p>Wenn Sie sich als Unternehmen engagieren wollen, sind die M\u00f6glichkeiten vielf\u00e4ltig. Mit jeder Form der Hilfe unterst\u00fctzen Sie unsere Mission, Spaltkindern weltweit den Zugang zu einer sicheren Behandlung zu geben. <\/p>\n","protected":false},"author":551,"featured_media":0,"parent":10019994,"menu_order":-16,"comment_status":"closed","ping_status":"closed","template":"","meta":{"footnotes":""},"class_list":["post-10021590","page","type-page","status-publish","hentry"],"yoast_head":"<!-- This site is optimized with the Yoast SEO plugin v26.9 - https:\/\/yoast.com\/product\/yoast-seo-wordpress\/ -->\n<title>Christmas cleft campaign &quot;Gift a smile&quot;<\/title>\n<meta name=\"description\" content=\"Ihre Unternehmensspende zu Weihnachten f\u00fcr Kinder mit Spaltfehlbildung weltweit. Ein ganz besonderes, sinnvolles und nachhaltiges Geschenk.\" \/>\n<meta name=\"robots\" content=\"index, follow, max-snippet:-1, max-image-preview:large, max-video-preview:-1\" \/>\n<link rel=\"canonical\" href=\"https:\/\/www.spaltkinder.org\/en\/your-support\/help-as-a-business\/christmas-cleft-campaign-gift-a-smile\/\" \/>\n<meta property=\"og:locale\" content=\"en_US\" \/>\n<meta property=\"og:type\" content=\"article\" \/>\n<meta property=\"og:title\" content=\"Christmas cleft campaign &quot;Gift a smile&quot;\" \/>\n<meta property=\"og:description\" content=\"Ihre Unternehmensspende zu Weihnachten f\u00fcr Kinder mit Spaltfehlbildung weltweit. Ein ganz besonderes, sinnvolles und nachhaltiges Geschenk.\" \/>\n<meta property=\"og:url\" content=\"https:\/\/www.spaltkinder.org\/en\/your-support\/help-as-a-business\/christmas-cleft-campaign-gift-a-smile\/\" \/>\n<meta property=\"og:site_name\" content=\"Deutsche Cleft Kinderhilfe e.V.\" \/>\n<meta property=\"article:publisher\" content=\"https:\/\/www.facebook.com\/Deutsche.Cleft.Kinderhilfe\/\" \/>\n<meta property=\"article:modified_time\" content=\"2023-10-06T15:22:44+00:00\" \/>\n<meta property=\"og:image\" content=\"https:\/\/www.spaltkinder.org\/wp-content\/uploads\/2023\/08\/weihnachtsaktion_2023_header_2105x840px.jpg\" \/>\n<meta name=\"twitter:card\" content=\"summary_large_image\" \/>\n<script type=\"application\/ld+json\" class=\"yoast-schema-graph\">{\"@context\":\"https:\/\/schema.org\",\"@graph\":[{\"@type\":\"WebPage\",\"@id\":\"https:\/\/www.spaltkinder.org\/en\/your-support\/help-as-a-business\/christmas-cleft-campaign-gift-a-smile\/\",\"url\":\"https:\/\/www.spaltkinder.org\/en\/your-support\/help-as-a-business\/christmas-cleft-campaign-gift-a-smile\/\",\"name\":\"Christmas cleft campaign \\\"Gift a smile\\\"\",\"isPartOf\":{\"@id\":\"https:\/\/www.spaltkinder.org\/en\/#website\"},\"primaryImageOfPage\":{\"@id\":\"https:\/\/www.spaltkinder.org\/en\/your-support\/help-as-a-business\/christmas-cleft-campaign-gift-a-smile\/#primaryimage\"},\"image\":{\"@id\":\"https:\/\/www.spaltkinder.org\/en\/your-support\/help-as-a-business\/christmas-cleft-campaign-gift-a-smile\/#primaryimage\"},\"thumbnailUrl\":\"https:\/\/www.spaltkinder.org\/wp-content\/uploads\/2023\/08\/weihnachtsaktion_2023_header_2105x840px.jpg\",\"datePublished\":\"2023-09-11T12:17:45+00:00\",\"dateModified\":\"2023-10-06T15:22:44+00:00\",\"description\":\"Ihre Unternehmensspende zu Weihnachten f\u00fcr Kinder mit Spaltfehlbildung weltweit. Ein ganz besonderes, sinnvolles und nachhaltiges Geschenk.\",\"breadcrumb\":{\"@id\":\"https:\/\/www.spaltkinder.org\/en\/your-support\/help-as-a-business\/christmas-cleft-campaign-gift-a-smile\/#breadcrumb\"},\"inLanguage\":\"en-US\",\"potentialAction\":[{\"@type\":\"ReadAction\",\"target\":[\"https:\/\/www.spaltkinder.org\/en\/your-support\/help-as-a-business\/christmas-cleft-campaign-gift-a-smile\/\"]}]},{\"@type\":\"ImageObject\",\"inLanguage\":\"en-US\",\"@id\":\"https:\/\/www.spaltkinder.org\/en\/your-support\/help-as-a-business\/christmas-cleft-campaign-gift-a-smile\/#primaryimage\",\"url\":\"https:\/\/www.spaltkinder.org\/wp-content\/uploads\/2023\/08\/weihnachtsaktion_2023_header_2105x840px.jpg\",\"contentUrl\":\"https:\/\/www.spaltkinder.org\/wp-content\/uploads\/2023\/08\/weihnachtsaktion_2023_header_2105x840px.jpg\"},{\"@type\":\"BreadcrumbList\",\"@id\":\"https:\/\/www.spaltkinder.org\/en\/your-support\/help-as-a-business\/christmas-cleft-campaign-gift-a-smile\/#breadcrumb\",\"itemListElement\":[{\"@type\":\"ListItem\",\"position\":1,\"name\":\"Home\",\"item\":\"https:\/\/www.spaltkinder.org\/en\/\"},{\"@type\":\"ListItem\",\"position\":2,\"name\":\"Your Support\",\"item\":\"https:\/\/www.spaltkinder.org\/en\/your-support\/\"},{\"@type\":\"ListItem\",\"position\":3,\"name\":\"Help as a business\",\"item\":\"https:\/\/www.spaltkinder.org\/en\/your-support\/help-as-a-business\/\"},{\"@type\":\"ListItem\",\"position\":4,\"name\":\"Christmas cleft campaign &#8220;Gift a smile&#8221;\"}]},{\"@type\":\"WebSite\",\"@id\":\"https:\/\/www.spaltkinder.org\/en\/#website\",\"url\":\"https:\/\/www.spaltkinder.org\/en\/\",\"name\":\"Deutsche Cleft Kinderhilfe e.V.\",\"description\":\"\",\"publisher\":{\"@id\":\"https:\/\/www.spaltkinder.org\/en\/#organization\"},\"potentialAction\":[{\"@type\":\"SearchAction\",\"target\":{\"@type\":\"EntryPoint\",\"urlTemplate\":\"https:\/\/www.spaltkinder.org\/en\/?s={search_term_string}\"},\"query-input\":{\"@type\":\"PropertyValueSpecification\",\"valueRequired\":true,\"valueName\":\"search_term_string\"}}],\"inLanguage\":\"en-US\"},{\"@type\":\"Organization\",\"@id\":\"https:\/\/www.spaltkinder.org\/en\/#organization\",\"name\":\"Deutsche Cleft Kinderhilfe e.V.\",\"url\":\"https:\/\/www.spaltkinder.org\/en\/\",\"logo\":{\"@type\":\"ImageObject\",\"inLanguage\":\"en-US\",\"@id\":\"https:\/\/www.spaltkinder.org\/en\/#\/schema\/logo\/image\/\",\"url\":\"\",\"contentUrl\":\"\",\"caption\":\"Deutsche Cleft Kinderhilfe e.V.\"},\"image\":{\"@id\":\"https:\/\/www.spaltkinder.org\/en\/#\/schema\/logo\/image\/\"},\"sameAs\":[\"https:\/\/www.facebook.com\/Deutsche.Cleft.Kinderhilfe\/\",\"https:\/\/www.instagram.com\/deutschecleftkinderhilfe\/\"]}]}<\/script>\n<!-- \/ Yoast SEO plugin. -->","yoast_head_json":{"title":"Christmas cleft campaign \"Gift a smile\"","description":"Ihre Unternehmensspende zu Weihnachten f\u00fcr Kinder mit Spaltfehlbildung weltweit. Ein ganz besonderes, sinnvolles und nachhaltiges Geschenk.","robots":{"index":"index","follow":"follow","max-snippet":"max-snippet:-1","max-image-preview":"max-image-preview:large","max-video-preview":"max-video-preview:-1"},"canonical":"https:\/\/www.spaltkinder.org\/en\/your-support\/help-as-a-business\/christmas-cleft-campaign-gift-a-smile\/","og_locale":"en_US","og_type":"article","og_title":"Christmas cleft campaign \"Gift a smile\"","og_description":"Ihre Unternehmensspende zu Weihnachten f\u00fcr Kinder mit Spaltfehlbildung weltweit. Ein ganz besonderes, sinnvolles und nachhaltiges Geschenk.","og_url":"https:\/\/www.spaltkinder.org\/en\/your-support\/help-as-a-business\/christmas-cleft-campaign-gift-a-smile\/","og_site_name":"Deutsche Cleft Kinderhilfe e.V.","article_publisher":"https:\/\/www.facebook.com\/Deutsche.Cleft.Kinderhilfe\/","article_modified_time":"2023-10-06T15:22:44+00:00","og_image":[{"url":"https:\/\/www.spaltkinder.org\/wp-content\/uploads\/2023\/08\/weihnachtsaktion_2023_header_2105x840px.jpg","type":"","width":"","height":""}],"twitter_card":"summary_large_image","schema":{"@context":"https:\/\/schema.org","@graph":[{"@type":"WebPage","@id":"https:\/\/www.spaltkinder.org\/en\/your-support\/help-as-a-business\/christmas-cleft-campaign-gift-a-smile\/","url":"https:\/\/www.spaltkinder.org\/en\/your-support\/help-as-a-business\/christmas-cleft-campaign-gift-a-smile\/","name":"Christmas cleft campaign \"Gift a smile\"","isPartOf":{"@id":"https:\/\/www.spaltkinder.org\/en\/#website"},"primaryImageOfPage":{"@id":"https:\/\/www.spaltkinder.org\/en\/your-support\/help-as-a-business\/christmas-cleft-campaign-gift-a-smile\/#primaryimage"},"image":{"@id":"https:\/\/www.spaltkinder.org\/en\/your-support\/help-as-a-business\/christmas-cleft-campaign-gift-a-smile\/#primaryimage"},"thumbnailUrl":"https:\/\/www.spaltkinder.org\/wp-content\/uploads\/2023\/08\/weihnachtsaktion_2023_header_2105x840px.jpg","datePublished":"2023-09-11T12:17:45+00:00","dateModified":"2023-10-06T15:22:44+00:00","description":"Ihre Unternehmensspende zu Weihnachten f\u00fcr Kinder mit Spaltfehlbildung weltweit. Ein ganz besonderes, sinnvolles und nachhaltiges Geschenk.","breadcrumb":{"@id":"https:\/\/www.spaltkinder.org\/en\/your-support\/help-as-a-business\/christmas-cleft-campaign-gift-a-smile\/#breadcrumb"},"inLanguage":"en-US","potentialAction":[{"@type":"ReadAction","target":["https:\/\/www.spaltkinder.org\/en\/your-support\/help-as-a-business\/christmas-cleft-campaign-gift-a-smile\/"]}]},{"@type":"ImageObject","inLanguage":"en-US","@id":"https:\/\/www.spaltkinder.org\/en\/your-support\/help-as-a-business\/christmas-cleft-campaign-gift-a-smile\/#primaryimage","url":"https:\/\/www.spaltkinder.org\/wp-content\/uploads\/2023\/08\/weihnachtsaktion_2023_header_2105x840px.jpg","contentUrl":"https:\/\/www.spaltkinder.org\/wp-content\/uploads\/2023\/08\/weihnachtsaktion_2023_header_2105x840px.jpg"},{"@type":"BreadcrumbList","@id":"https:\/\/www.spaltkinder.org\/en\/your-support\/help-as-a-business\/christmas-cleft-campaign-gift-a-smile\/#breadcrumb","itemListElement":[{"@type":"ListItem","position":1,"name":"Home","item":"https:\/\/www.spaltkinder.org\/en\/"},{"@type":"ListItem","position":2,"name":"Your Support","item":"https:\/\/www.spaltkinder.org\/en\/your-support\/"},{"@type":"ListItem","position":3,"name":"Help as a business","item":"https:\/\/www.spaltkinder.org\/en\/your-support\/help-as-a-business\/"},{"@type":"ListItem","position":4,"name":"Christmas cleft campaign &#8220;Gift a smile&#8221;"}]},{"@type":"WebSite","@id":"https:\/\/www.spaltkinder.org\/en\/#website","url":"https:\/\/www.spaltkinder.org\/en\/","name":"Deutsche Cleft Kinderhilfe e.V.","description":"","publisher":{"@id":"https:\/\/www.spaltkinder.org\/en\/#organization"},"potentialAction":[{"@type":"SearchAction","target":{"@type":"EntryPoint","urlTemplate":"https:\/\/www.spaltkinder.org\/en\/?s={search_term_string}"},"query-input":{"@type":"PropertyValueSpecification","valueRequired":true,"valueName":"search_term_string"}}],"inLanguage":"en-US"},{"@type":"Organization","@id":"https:\/\/www.spaltkinder.org\/en\/#organization","name":"Deutsche Cleft Kinderhilfe e.V.","url":"https:\/\/www.spaltkinder.org\/en\/","logo":{"@type":"ImageObject","inLanguage":"en-US","@id":"https:\/\/www.spaltkinder.org\/en\/#\/schema\/logo\/image\/","url":"","contentUrl":"","caption":"Deutsche Cleft Kinderhilfe e.V."},"image":{"@id":"https:\/\/www.spaltkinder.org\/en\/#\/schema\/logo\/image\/"},"sameAs":["https:\/\/www.facebook.com\/Deutsche.Cleft.Kinderhilfe\/","https:\/\/www.instagram.com\/deutschecleftkinderhilfe\/"]}]}},"_links":{"self":[{"href":"https:\/\/www.spaltkinder.org\/en\/wp-json\/wp\/v2\/pages\/10021590","targetHints":{"allow":["GET"]}}],"collection":[{"href":"https:\/\/www.spaltkinder.org\/en\/wp-json\/wp\/v2\/pages"}],"about":[{"href":"https:\/\/www.spaltkinder.org\/en\/wp-json\/wp\/v2\/types\/page"}],"author":[{"embeddable":true,"href":"https:\/\/www.spaltkinder.org\/en\/wp-json\/wp\/v2\/users\/551"}],"replies":[{"embeddable":true,"href":"https:\/\/www.spaltkinder.org\/en\/wp-json\/wp\/v2\/comments?post=10021590"}],"version-history":[{"count":0,"href":"https:\/\/www.spaltkinder.org\/en\/wp-json\/wp\/v2\/pages\/10021590\/revisions"}],"up":[{"embeddable":true,"href":"https:\/\/www.spaltkinder.org\/en\/wp-json\/wp\/v2\/pages\/10019994"}],"wp:attachment":[{"href":"https:\/\/www.spaltkinder.org\/en\/wp-json\/wp\/v2\/media?parent=10021590"}],"curies":[{"name":"wp","href":"https:\/\/api.w.org\/{rel}","templated":true}]}}