{"id":10027530,"date":"2024-10-01T10:54:51","date_gmt":"2024-10-01T09:54:51","guid":{"rendered":"https:\/\/www.spaltkinder.org\/aid-projects\/colombia\/"},"modified":"2025-10-08T12:48:58","modified_gmt":"2025-10-08T11:48:58","slug":"colombia","status":"publish","type":"page","link":"https:\/\/www.spaltkinder.org\/en\/aid-projects\/colombia\/","title":{"rendered":"Colombia"},"content":{"rendered":"<h1 style=\"text-align: center;\">Help for cleft children in <span style=\"color: #E5712A;\">Colombia<\/span><\/h1>\n<p><img decoding=\"async\" loading=\"lazy\" src=\"https:\/\/www.spaltkinder.org\/wp-content\/uploads\/2024\/09\/kolumbien-maui-528761.jpg\"><noscript><img decoding=\"async\" src=\"https:\/\/www.spaltkinder.org\/wp-content\/uploads\/2024\/09\/kolumbien-maui-528761.jpg\"><\/noscript><\/p>\n<h2 style=\"text-align: center;\">Deutsche Cleft Kinderhilfe in Colombia<\/h2>\n","protected":false},"excerpt":{"rendered":"<p>Deutsche Cleft Kinderhilfe has been funding surgeries for children with cleft lip and palate in Colombia since 2022.<\/p>\n","protected":false},"author":418,"featured_media":10027164,"parent":10019792,"menu_order":9,"comment_status":"closed","ping_status":"closed","template":"","meta":{"footnotes":""},"class_list":["post-10027530","page","type-page","status-publish","has-post-thumbnail","hentry"],"yoast_head":"<!-- This site is optimized with the Yoast SEO plugin v26.9 - https:\/\/yoast.com\/product\/yoast-seo-wordpress\/ -->\n<title>Donate to Help Children in Colombia<\/title>\n<meta name=\"description\" content=\"Since 2022, DCKH has been providing free surgeries and follow-up treatments to help children with cleft lip and palate in Colombia.\" \/>\n<meta name=\"robots\" content=\"index, follow, max-snippet:-1, max-image-preview:large, max-video-preview:-1\" \/>\n<link rel=\"canonical\" href=\"https:\/\/www.spaltkinder.org\/en\/aid-projects\/colombia\/\" \/>\n<meta property=\"og:locale\" content=\"en_US\" \/>\n<meta property=\"og:type\" content=\"article\" \/>\n<meta property=\"og:title\" content=\"Donate to Help Children in Colombia\" \/>\n<meta property=\"og:description\" content=\"Since 2022, DCKH has been providing free surgeries and follow-up treatments to help children with cleft lip and palate in Colombia.\" \/>\n<meta property=\"og:url\" content=\"https:\/\/www.spaltkinder.org\/en\/aid-projects\/colombia\/\" \/>\n<meta property=\"og:site_name\" content=\"Deutsche Cleft Kinderhilfe e.V.\" \/>\n<meta property=\"article:publisher\" content=\"https:\/\/www.facebook.com\/Deutsche.Cleft.Kinderhilfe\/\" \/>\n<meta property=\"article:modified_time\" content=\"2025-10-08T11:48:58+00:00\" \/>\n<meta property=\"og:image\" content=\"https:\/\/www.spaltkinder.org\/wp-content\/uploads\/2024\/09\/kolumbien-maui-528761.jpg\" \/>\n\t<meta property=\"og:image:width\" content=\"1000\" \/>\n\t<meta property=\"og:image:height\" content=\"563\" \/>\n\t<meta property=\"og:image:type\" content=\"image\/jpeg\" \/>\n<meta name=\"twitter:card\" content=\"summary_large_image\" \/>\n<script type=\"application\/ld+json\" class=\"yoast-schema-graph\">{\"@context\":\"https:\/\/schema.org\",\"@graph\":[{\"@type\":\"WebPage\",\"@id\":\"https:\/\/www.spaltkinder.org\/en\/aid-projects\/colombia\/\",\"url\":\"https:\/\/www.spaltkinder.org\/en\/aid-projects\/colombia\/\",\"name\":\"Donate to Help Children in Colombia\",\"isPartOf\":{\"@id\":\"https:\/\/www.spaltkinder.org\/en\/#website\"},\"primaryImageOfPage\":{\"@id\":\"https:\/\/www.spaltkinder.org\/en\/aid-projects\/colombia\/#primaryimage\"},\"image\":{\"@id\":\"https:\/\/www.spaltkinder.org\/en\/aid-projects\/colombia\/#primaryimage\"},\"thumbnailUrl\":\"https:\/\/www.spaltkinder.org\/wp-content\/uploads\/2024\/09\/kolumbien-maui-528761.jpg\",\"datePublished\":\"2024-10-01T09:54:51+00:00\",\"dateModified\":\"2025-10-08T11:48:58+00:00\",\"description\":\"Since 2022, DCKH has been providing free surgeries and follow-up treatments to help children with cleft lip and palate in Colombia.\",\"breadcrumb\":{\"@id\":\"https:\/\/www.spaltkinder.org\/en\/aid-projects\/colombia\/#breadcrumb\"},\"inLanguage\":\"en-US\",\"potentialAction\":[{\"@type\":\"ReadAction\",\"target\":[\"https:\/\/www.spaltkinder.org\/en\/aid-projects\/colombia\/\"]}]},{\"@type\":\"ImageObject\",\"inLanguage\":\"en-US\",\"@id\":\"https:\/\/www.spaltkinder.org\/en\/aid-projects\/colombia\/#primaryimage\",\"url\":\"https:\/\/www.spaltkinder.org\/wp-content\/uploads\/2024\/09\/kolumbien-maui-528761.jpg\",\"contentUrl\":\"https:\/\/www.spaltkinder.org\/wp-content\/uploads\/2024\/09\/kolumbien-maui-528761.jpg\",\"width\":1000,\"height\":563,\"caption\":\"Geschichte Findelkind Maui: Julia lebt mit ihren beiden T\u00f6chtern, Aruna (5) und Abhinaya (2), in der N\u00e4he eines indigenen V\u00f6lkerstammes, der Kogi. Sie findet an einer Feuerstelle das Spaltkind Maui und nimmt es auf Bitten der leiblichen Mutter bei sich auf.\"},{\"@type\":\"BreadcrumbList\",\"@id\":\"https:\/\/www.spaltkinder.org\/en\/aid-projects\/colombia\/#breadcrumb\",\"itemListElement\":[{\"@type\":\"ListItem\",\"position\":1,\"name\":\"Home\",\"item\":\"https:\/\/www.spaltkinder.org\/en\/\"},{\"@type\":\"ListItem\",\"position\":2,\"name\":\"Aid projects\",\"item\":\"https:\/\/www.spaltkinder.org\/en\/aid-projects\/\"},{\"@type\":\"ListItem\",\"position\":3,\"name\":\"Colombia\"}]},{\"@type\":\"WebSite\",\"@id\":\"https:\/\/www.spaltkinder.org\/en\/#website\",\"url\":\"https:\/\/www.spaltkinder.org\/en\/\",\"name\":\"Deutsche Cleft Kinderhilfe e.V.\",\"description\":\"\",\"publisher\":{\"@id\":\"https:\/\/www.spaltkinder.org\/en\/#organization\"},\"potentialAction\":[{\"@type\":\"SearchAction\",\"target\":{\"@type\":\"EntryPoint\",\"urlTemplate\":\"https:\/\/www.spaltkinder.org\/en\/?s={search_term_string}\"},\"query-input\":{\"@type\":\"PropertyValueSpecification\",\"valueRequired\":true,\"valueName\":\"search_term_string\"}}],\"inLanguage\":\"en-US\"},{\"@type\":\"Organization\",\"@id\":\"https:\/\/www.spaltkinder.org\/en\/#organization\",\"name\":\"Deutsche Cleft Kinderhilfe e.V.\",\"url\":\"https:\/\/www.spaltkinder.org\/en\/\",\"logo\":{\"@type\":\"ImageObject\",\"inLanguage\":\"en-US\",\"@id\":\"https:\/\/www.spaltkinder.org\/en\/#\/schema\/logo\/image\/\",\"url\":\"\",\"contentUrl\":\"\",\"caption\":\"Deutsche Cleft Kinderhilfe e.V.\"},\"image\":{\"@id\":\"https:\/\/www.spaltkinder.org\/en\/#\/schema\/logo\/image\/\"},\"sameAs\":[\"https:\/\/www.facebook.com\/Deutsche.Cleft.Kinderhilfe\/\",\"https:\/\/www.instagram.com\/deutschecleftkinderhilfe\/\"]}]}<\/script>\n<!-- \/ Yoast SEO plugin. -->","yoast_head_json":{"title":"Donate to Help Children in Colombia","description":"Since 2022, DCKH has been providing free surgeries and follow-up treatments to help children with cleft lip and palate in Colombia.","robots":{"index":"index","follow":"follow","max-snippet":"max-snippet:-1","max-image-preview":"max-image-preview:large","max-video-preview":"max-video-preview:-1"},"canonical":"https:\/\/www.spaltkinder.org\/en\/aid-projects\/colombia\/","og_locale":"en_US","og_type":"article","og_title":"Donate to Help Children in Colombia","og_description":"Since 2022, DCKH has been providing free surgeries and follow-up treatments to help children with cleft lip and palate in Colombia.","og_url":"https:\/\/www.spaltkinder.org\/en\/aid-projects\/colombia\/","og_site_name":"Deutsche Cleft Kinderhilfe e.V.","article_publisher":"https:\/\/www.facebook.com\/Deutsche.Cleft.Kinderhilfe\/","article_modified_time":"2025-10-08T11:48:58+00:00","og_image":[{"width":1000,"height":563,"url":"https:\/\/www.spaltkinder.org\/wp-content\/uploads\/2024\/09\/kolumbien-maui-528761.jpg","type":"image\/jpeg"}],"twitter_card":"summary_large_image","schema":{"@context":"https:\/\/schema.org","@graph":[{"@type":"WebPage","@id":"https:\/\/www.spaltkinder.org\/en\/aid-projects\/colombia\/","url":"https:\/\/www.spaltkinder.org\/en\/aid-projects\/colombia\/","name":"Donate to Help Children in Colombia","isPartOf":{"@id":"https:\/\/www.spaltkinder.org\/en\/#website"},"primaryImageOfPage":{"@id":"https:\/\/www.spaltkinder.org\/en\/aid-projects\/colombia\/#primaryimage"},"image":{"@id":"https:\/\/www.spaltkinder.org\/en\/aid-projects\/colombia\/#primaryimage"},"thumbnailUrl":"https:\/\/www.spaltkinder.org\/wp-content\/uploads\/2024\/09\/kolumbien-maui-528761.jpg","datePublished":"2024-10-01T09:54:51+00:00","dateModified":"2025-10-08T11:48:58+00:00","description":"Since 2022, DCKH has been providing free surgeries and follow-up treatments to help children with cleft lip and palate in Colombia.","breadcrumb":{"@id":"https:\/\/www.spaltkinder.org\/en\/aid-projects\/colombia\/#breadcrumb"},"inLanguage":"en-US","potentialAction":[{"@type":"ReadAction","target":["https:\/\/www.spaltkinder.org\/en\/aid-projects\/colombia\/"]}]},{"@type":"ImageObject","inLanguage":"en-US","@id":"https:\/\/www.spaltkinder.org\/en\/aid-projects\/colombia\/#primaryimage","url":"https:\/\/www.spaltkinder.org\/wp-content\/uploads\/2024\/09\/kolumbien-maui-528761.jpg","contentUrl":"https:\/\/www.spaltkinder.org\/wp-content\/uploads\/2024\/09\/kolumbien-maui-528761.jpg","width":1000,"height":563,"caption":"Geschichte Findelkind Maui: Julia lebt mit ihren beiden T\u00f6chtern, Aruna (5) und Abhinaya (2), in der N\u00e4he eines indigenen V\u00f6lkerstammes, der Kogi. Sie findet an einer Feuerstelle das Spaltkind Maui und nimmt es auf Bitten der leiblichen Mutter bei sich auf."},{"@type":"BreadcrumbList","@id":"https:\/\/www.spaltkinder.org\/en\/aid-projects\/colombia\/#breadcrumb","itemListElement":[{"@type":"ListItem","position":1,"name":"Home","item":"https:\/\/www.spaltkinder.org\/en\/"},{"@type":"ListItem","position":2,"name":"Aid projects","item":"https:\/\/www.spaltkinder.org\/en\/aid-projects\/"},{"@type":"ListItem","position":3,"name":"Colombia"}]},{"@type":"WebSite","@id":"https:\/\/www.spaltkinder.org\/en\/#website","url":"https:\/\/www.spaltkinder.org\/en\/","name":"Deutsche Cleft Kinderhilfe e.V.","description":"","publisher":{"@id":"https:\/\/www.spaltkinder.org\/en\/#organization"},"potentialAction":[{"@type":"SearchAction","target":{"@type":"EntryPoint","urlTemplate":"https:\/\/www.spaltkinder.org\/en\/?s={search_term_string}"},"query-input":{"@type":"PropertyValueSpecification","valueRequired":true,"valueName":"search_term_string"}}],"inLanguage":"en-US"},{"@type":"Organization","@id":"https:\/\/www.spaltkinder.org\/en\/#organization","name":"Deutsche Cleft Kinderhilfe e.V.","url":"https:\/\/www.spaltkinder.org\/en\/","logo":{"@type":"ImageObject","inLanguage":"en-US","@id":"https:\/\/www.spaltkinder.org\/en\/#\/schema\/logo\/image\/","url":"","contentUrl":"","caption":"Deutsche Cleft Kinderhilfe e.V."},"image":{"@id":"https:\/\/www.spaltkinder.org\/en\/#\/schema\/logo\/image\/"},"sameAs":["https:\/\/www.facebook.com\/Deutsche.Cleft.Kinderhilfe\/","https:\/\/www.instagram.com\/deutschecleftkinderhilfe\/"]}]}},"_links":{"self":[{"href":"https:\/\/www.spaltkinder.org\/en\/wp-json\/wp\/v2\/pages\/10027530","targetHints":{"allow":["GET"]}}],"collection":[{"href":"https:\/\/www.spaltkinder.org\/en\/wp-json\/wp\/v2\/pages"}],"about":[{"href":"https:\/\/www.spaltkinder.org\/en\/wp-json\/wp\/v2\/types\/page"}],"author":[{"embeddable":true,"href":"https:\/\/www.spaltkinder.org\/en\/wp-json\/wp\/v2\/users\/418"}],"replies":[{"embeddable":true,"href":"https:\/\/www.spaltkinder.org\/en\/wp-json\/wp\/v2\/comments?post=10027530"}],"version-history":[{"count":0,"href":"https:\/\/www.spaltkinder.org\/en\/wp-json\/wp\/v2\/pages\/10027530\/revisions"}],"up":[{"embeddable":true,"href":"https:\/\/www.spaltkinder.org\/en\/wp-json\/wp\/v2\/pages\/10019792"}],"wp:featuredmedia":[{"embeddable":true,"href":"https:\/\/www.spaltkinder.org\/en\/wp-json\/wp\/v2\/media\/10027164"}],"wp:attachment":[{"href":"https:\/\/www.spaltkinder.org\/en\/wp-json\/wp\/v2\/media?parent=10027530"}],"curies":[{"name":"wp","href":"https:\/\/api.w.org\/{rel}","templated":true}]}}